{"id":858,"date":"2018-06-24T00:56:59","date_gmt":"2018-06-24T00:56:59","guid":{"rendered":"http:\/\/www.cgw.cl\/wordpress\/?page_id=858"},"modified":"2026-04-06T15:21:13","modified_gmt":"2026-04-06T19:21:13","slug":"centro-de-padres-y-apoderados","status":"publish","type":"page","link":"https:\/\/www.cgw.cl\/wordpress\/centro-de-padres-y-apoderados\/","title":{"rendered":"Centro de Padres y Apoderados"},"content":{"rendered":"\t\t<div data-elementor-type=\"wp-post\" data-elementor-id=\"858\" class=\"elementor elementor-858\">\n\t\t\t\t\t\t<section class=\"elementor-section elementor-top-section elementor-element elementor-element-e59ab5e elementor-section-boxed elementor-section-height-default elementor-section-height-default\" data-id=\"e59ab5e\" data-element_type=\"section\">\n\t\t\t\t\t\t<div class=\"elementor-container elementor-column-gap-default\">\n\t\t\t\t\t<div class=\"elementor-column elementor-col-100 elementor-top-column elementor-element elementor-element-dd8d00c\" data-id=\"dd8d00c\" data-element_type=\"column\">\n\t\t\t<div class=\"elementor-widget-wrap elementor-element-populated\">\n\t\t\t\t\t\t<div class=\"elementor-element elementor-element-12f5f85 elementor-widget elementor-widget-heading\" data-id=\"12f5f85\" data-element_type=\"widget\" data-widget_type=\"heading.default\">\n\t\t\t\t<div class=\"elementor-widget-container\">\n\t\t\t\t\t<h2 class=\"elementor-heading-title elementor-size-medium\">Informativo de reuni\u00f3n de delegados<\/h2>\t\t\t\t<\/div>\n\t\t\t\t<\/div>\n\t\t\t\t<div class=\"elementor-element elementor-element-a60c08d elementor-widget elementor-widget-text-editor\" data-id=\"a60c08d\" data-element_type=\"widget\" data-widget_type=\"text-editor.default\">\n\t\t\t\t<div class=\"elementor-widget-container\">\n\t\t\t\t\t\t\t\t\t<p><b>Se informa que el\u00a0 d\u00eda mi\u00e9rcoles 08 de abril a las 16:30 hrs, se realizar\u00e1 la primera reuni\u00f3n del Centro de padres y apoderados. Su asistencia es de vital importancia para gestionar actividades y organizaci\u00f3n del C.P.A.\u00a0<\/b><\/p><p style=\"text-align: center;\"><strong>Profesora Daniela Acevedo<\/strong><\/p><p style=\"text-align: center;\"><strong>Encargada C.P.A. Sra\u00a0 Teresa Herrera<\/strong><\/p>\t\t\t\t\t\t\t\t<\/div>\n\t\t\t\t<\/div>\n\t\t\t\t<div class=\"elementor-element elementor-element-44f359e elementor-widget-divider--view-line elementor-widget elementor-widget-divider\" data-id=\"44f359e\" data-element_type=\"widget\" data-widget_type=\"divider.default\">\n\t\t\t\t<div class=\"elementor-widget-container\">\n\t\t\t\t\t\t\t<div class=\"elementor-divider\">\n\t\t\t<span class=\"elementor-divider-separator\">\n\t\t\t\t\t\t<\/span>\n\t\t<\/div>\n\t\t\t\t\t\t<\/div>\n\t\t\t\t<\/div>\n\t\t\t\t\t<\/div>\n\t\t<\/div>\n\t\t\t\t\t<\/div>\n\t\t<\/section>\n\t\t\t\t<section class=\"elementor-section elementor-top-section elementor-element elementor-element-862861f elementor-section-boxed elementor-section-height-default elementor-section-height-default\" data-id=\"862861f\" data-element_type=\"section\">\n\t\t\t\t\t\t<div class=\"elementor-container elementor-column-gap-default\">\n\t\t\t\t\t<div class=\"elementor-column elementor-col-100 elementor-top-column elementor-element elementor-element-71ffdf7\" data-id=\"71ffdf7\" data-element_type=\"column\">\n\t\t\t<div class=\"elementor-widget-wrap elementor-element-populated\">\n\t\t\t\t\t\t<div class=\"elementor-element elementor-element-a7eebec elementor-widget elementor-widget-heading\" data-id=\"a7eebec\" data-element_type=\"widget\" data-widget_type=\"heading.default\">\n\t\t\t\t<div class=\"elementor-widget-container\">\n\t\t\t\t\t<h2 class=\"elementor-heading-title elementor-size-medium\">Informativo de trabajos<\/h2>\t\t\t\t<\/div>\n\t\t\t\t<\/div>\n\t\t\t\t<div class=\"elementor-element elementor-element-7d2bded elementor-widget elementor-widget-text-editor\" data-id=\"7d2bded\" data-element_type=\"widget\" data-widget_type=\"text-editor.default\">\n\t\t\t\t<div class=\"elementor-widget-container\">\n\t\t\t\t\t\t\t\t\t<p><strong>Trabajos realizados por el Centro de Padres y Apoderados durante el verano de 2026:<\/strong><\/p><p><strong>\u2022 Restauraci\u00f3n de mesas del patio.<\/strong><br \/><strong>\u2022 Compra de mesas de ping pong.<\/strong><br \/><strong>\u2022 Instalaci\u00f3n de mallas en el patio de preb\u00e1sica.<\/strong><br \/><strong>\u2022 Instalaci\u00f3n de mallas en el patio principal.<\/strong><\/p>\t\t\t\t\t\t\t\t<\/div>\n\t\t\t\t<\/div>\n\t\t\t\t<div class=\"elementor-element elementor-element-6150cae elementor-arrows-position-inside elementor-pagination-position-outside elementor-widget elementor-widget-image-carousel\" data-id=\"6150cae\" data-element_type=\"widget\" data-settings=\"{&quot;slides_to_show&quot;:&quot;1&quot;,&quot;navigation&quot;:&quot;both&quot;,&quot;autoplay&quot;:&quot;yes&quot;,&quot;pause_on_hover&quot;:&quot;yes&quot;,&quot;pause_on_interaction&quot;:&quot;yes&quot;,&quot;autoplay_speed&quot;:5000,&quot;infinite&quot;:&quot;yes&quot;,&quot;effect&quot;:&quot;slide&quot;,&quot;speed&quot;:500}\" data-widget_type=\"image-carousel.default\">\n\t\t\t\t<div class=\"elementor-widget-container\">\n\t\t\t\t\t\t\t<div class=\"elementor-image-carousel-wrapper swiper\" role=\"region\" aria-roledescription=\"carousel\" aria-label=\"Carrusel de im\u00e1genes\" dir=\"ltr\">\n\t\t\t<div class=\"elementor-image-carousel swiper-wrapper\" aria-live=\"off\">\n\t\t\t\t\t\t\t\t<div class=\"swiper-slide\" role=\"group\" aria-roledescription=\"slide\" aria-label=\"1 de 5\"><figure class=\"swiper-slide-inner\"><img decoding=\"async\" class=\"swiper-slide-image\" src=\"https:\/\/www.cgw.cl\/wordpress\/wp-content\/uploads\/2026\/03\/Image-2026-01-768x1024.jpeg\" alt=\"Image 2026-01\" \/><\/figure><\/div><div class=\"swiper-slide\" role=\"group\" aria-roledescription=\"slide\" aria-label=\"2 de 5\"><figure class=\"swiper-slide-inner\"><img decoding=\"async\" class=\"swiper-slide-image\" src=\"https:\/\/www.cgw.cl\/wordpress\/wp-content\/uploads\/2026\/03\/Image-2026-02-768x1024.jpeg\" alt=\"Image 2026-02\" \/><\/figure><\/div><div class=\"swiper-slide\" role=\"group\" aria-roledescription=\"slide\" aria-label=\"3 de 5\"><figure class=\"swiper-slide-inner\"><img decoding=\"async\" class=\"swiper-slide-image\" src=\"https:\/\/www.cgw.cl\/wordpress\/wp-content\/uploads\/2026\/03\/Image-2026-03-768x1024.jpeg\" alt=\"Image 2026-03\" \/><\/figure><\/div><div class=\"swiper-slide\" role=\"group\" aria-roledescription=\"slide\" aria-label=\"4 de 5\"><figure class=\"swiper-slide-inner\"><img decoding=\"async\" class=\"swiper-slide-image\" src=\"https:\/\/www.cgw.cl\/wordpress\/wp-content\/uploads\/2026\/03\/Image-2026-04-768x1024.jpeg\" alt=\"Image 2026-04\" \/><\/figure><\/div><div class=\"swiper-slide\" role=\"group\" aria-roledescription=\"slide\" aria-label=\"5 de 5\"><figure class=\"swiper-slide-inner\"><img decoding=\"async\" class=\"swiper-slide-image\" src=\"https:\/\/www.cgw.cl\/wordpress\/wp-content\/uploads\/2026\/03\/Image-2026-03-11-at-05-768x1024.jpeg\" alt=\"Image 2026-03-11 at 05\" \/><\/figure><\/div>\t\t\t<\/div>\n\t\t\t\t\t\t\t\t\t\t\t\t<div class=\"elementor-swiper-button elementor-swiper-button-prev\" role=\"button\" tabindex=\"0\">\n\t\t\t\t\t\t<svg aria-hidden=\"true\" class=\"e-font-icon-svg e-eicon-chevron-left\" viewBox=\"0 0 1000 1000\" xmlns=\"http:\/\/www.w3.org\/2000\/svg\"><path d=\"M646 125C629 125 613 133 604 142L308 442C296 454 292 471 292 487 292 504 296 521 308 533L604 854C617 867 629 875 646 875 663 875 679 871 692 858 704 846 713 829 713 812 713 796 708 779 692 767L438 487 692 225C700 217 708 204 708 187 708 171 704 154 692 142 675 129 663 125 646 125Z\"><\/path><\/svg>\t\t\t\t\t<\/div>\n\t\t\t\t\t<div class=\"elementor-swiper-button elementor-swiper-button-next\" role=\"button\" tabindex=\"0\">\n\t\t\t\t\t\t<svg aria-hidden=\"true\" class=\"e-font-icon-svg e-eicon-chevron-right\" viewBox=\"0 0 1000 1000\" xmlns=\"http:\/\/www.w3.org\/2000\/svg\"><path d=\"M696 533C708 521 713 504 713 487 713 471 708 454 696 446L400 146C388 133 375 125 354 125 338 125 325 129 313 142 300 154 292 171 292 187 292 204 296 221 308 233L563 492 304 771C292 783 288 800 288 817 288 833 296 850 308 863 321 871 338 875 354 875 371 875 388 867 400 854L696 533Z\"><\/path><\/svg>\t\t\t\t\t<\/div>\n\t\t\t\t\n\t\t\t\t\t\t\t\t\t<div class=\"swiper-pagination\"><\/div>\n\t\t\t\t\t\t\t\t\t<\/div>\n\t\t\t\t\t\t<\/div>\n\t\t\t\t<\/div>\n\t\t\t\t<div class=\"elementor-element elementor-element-5751356 elementor-widget-divider--view-line elementor-widget elementor-widget-divider\" data-id=\"5751356\" data-element_type=\"widget\" data-widget_type=\"divider.default\">\n\t\t\t\t<div class=\"elementor-widget-container\">\n\t\t\t\t\t\t\t<div class=\"elementor-divider\">\n\t\t\t<span class=\"elementor-divider-separator\">\n\t\t\t\t\t\t<\/span>\n\t\t<\/div>\n\t\t\t\t\t\t<\/div>\n\t\t\t\t<\/div>\n\t\t\t\t\t<\/div>\n\t\t<\/div>\n\t\t\t\t\t<\/div>\n\t\t<\/section>\n\t\t\t\t<section class=\"elementor-section elementor-top-section elementor-element elementor-element-2d6479e elementor-section-boxed elementor-section-height-default elementor-section-height-default\" data-id=\"2d6479e\" data-element_type=\"section\">\n\t\t\t\t\t\t<div class=\"elementor-container elementor-column-gap-default\">\n\t\t\t\t\t<div class=\"elementor-column elementor-col-100 elementor-top-column elementor-element elementor-element-5102180\" data-id=\"5102180\" data-element_type=\"column\">\n\t\t\t<div class=\"elementor-widget-wrap elementor-element-populated\">\n\t\t\t\t\t\t<div class=\"elementor-element elementor-element-ffe4594 elementor-widget elementor-widget-heading\" data-id=\"ffe4594\" data-element_type=\"widget\" data-widget_type=\"heading.default\">\n\t\t\t\t<div class=\"elementor-widget-container\">\n\t\t\t\t\t<h2 class=\"elementor-heading-title elementor-size-medium\">Informativo de valores 2026<\/h2>\t\t\t\t<\/div>\n\t\t\t\t<\/div>\n\t\t\t\t<div class=\"elementor-element elementor-element-f160cf7 elementor-widget elementor-widget-text-editor\" data-id=\"f160cf7\" data-element_type=\"widget\" data-widget_type=\"text-editor.default\">\n\t\t\t\t<div class=\"elementor-widget-container\">\n\t\t\t\t\t\t\t\t\t<p><strong>El Centro General de Padres y Apoderados saluda cordialmente a todas las familias de nuestra comunidad educativa, esperando que se encuentren muy bien.<\/strong><br \/><strong>Informamos a usted los valores correspondientes a la cuota anual y los implementos que financian al Centro General de Padres para el a\u00f1o escolar 2026:<\/strong><br \/><strong>\u2022 Cuota anual CGPA: $13.000 (por familia, independiente del n\u00famero de estudiantes que tenga en el colegio)<\/strong><br \/><strong>\u2022 Fotograf\u00edas: $2.000<\/strong><br \/><strong>\u2022 Polera de Educaci\u00f3n F\u00edsica: $5.000<\/strong><br \/><strong>Por lo tanto, si desea cancelar el total, la suma es de $20.000.<\/strong><br \/><strong>Estos valores deben ser abonados el d\u00eda de matr\u00edcula. En caso de presentar alguna dificultad para realizar el pago, puede acercarse ese mismo d\u00eda a conversar directamente con representantes del Centro General de Padres, quienes estar\u00e1n disponibles para atender su situaci\u00f3n con disposici\u00f3n y respeto.<\/strong><\/p>\t\t\t\t\t\t\t\t<\/div>\n\t\t\t\t<\/div>\n\t\t\t\t<div class=\"elementor-element elementor-element-b76ef0a elementor-widget-divider--view-line elementor-widget elementor-widget-divider\" data-id=\"b76ef0a\" data-element_type=\"widget\" data-widget_type=\"divider.default\">\n\t\t\t\t<div class=\"elementor-widget-container\">\n\t\t\t\t\t\t\t<div class=\"elementor-divider\">\n\t\t\t<span class=\"elementor-divider-separator\">\n\t\t\t\t\t\t<\/span>\n\t\t<\/div>\n\t\t\t\t\t\t<\/div>\n\t\t\t\t<\/div>\n\t\t\t\t\t<\/div>\n\t\t<\/div>\n\t\t\t\t\t<\/div>\n\t\t<\/section>\n\t\t\t\t<\/div>\n\t\t","protected":false},"excerpt":{"rendered":"<p>Informativo de reuni\u00f3n de delegados Se informa que el\u00a0 d\u00eda mi\u00e9rcoles 08 de abril a las 16:30 hrs, se realizar\u00e1 la primera reuni\u00f3n del Centro de padres y apoderados. Su asistencia es de vital importancia para gestionar actividades y organizaci\u00f3n del C.P.A.\u00a0 Profesora Daniela Acevedo Encargada C.P.A. Sra\u00a0 Teresa Herrera Informativo de trabajos Trabajos realizados&#8230;<\/p>\n","protected":false},"author":1,"featured_media":0,"parent":0,"menu_order":0,"comment_status":"closed","ping_status":"closed","template":"","meta":{"footnotes":""},"class_list":["post-858","page","type-page","status-publish","hentry"],"yoast_head":"<!-- This site is optimized with the Yoast SEO plugin v25.9 - https:\/\/yoast.com\/wordpress\/plugins\/seo\/ -->\n<title>Centro de Padres y Apoderados - COLEGIO GEORGE WASHINGTON<\/title>\n<meta name=\"description\" content=\"Centro de Padres y Apoderados COLEGIO GEORGE WASHINGTON\" \/>\n<meta name=\"robots\" content=\"index, follow, max-snippet:-1, max-image-preview:large, max-video-preview:-1\" \/>\n<link rel=\"canonical\" href=\"https:\/\/www.cgw.cl\/wordpress\/centro-de-padres-y-apoderados\/\" \/>\n<meta property=\"og:locale\" content=\"es_ES\" \/>\n<meta property=\"og:type\" content=\"article\" \/>\n<meta property=\"og:title\" content=\"Centro de Padres y Apoderados - COLEGIO GEORGE WASHINGTON\" \/>\n<meta property=\"og:description\" content=\"Centro de Padres y Apoderados COLEGIO GEORGE WASHINGTON\" \/>\n<meta property=\"og:url\" content=\"https:\/\/www.cgw.cl\/wordpress\/centro-de-padres-y-apoderados\/\" \/>\n<meta property=\"og:site_name\" content=\"COLEGIO GEORGE WASHINGTON\" \/>\n<meta property=\"article:publisher\" content=\"https:\/\/www.facebook.com\/georgewashingtoncolegio\/?ref=py_c\" \/>\n<meta property=\"article:modified_time\" content=\"2026-04-06T19:21:13+00:00\" \/>\n<meta property=\"og:image\" content=\"https:\/\/www.cgw.cl\/wordpress\/wp-content\/uploads\/2026\/03\/Image-2026-01-768x1024.jpeg\" \/>\n<meta name=\"twitter:card\" content=\"summary_large_image\" \/>\n<meta name=\"twitter:label1\" content=\"Tiempo estimado de lectura\" \/>\n\t<meta name=\"twitter:data1\" content=\"3 minutos\" \/>\n<script type=\"application\/ld+json\" class=\"yoast-schema-graph\">{\"@context\":\"https:\/\/schema.org\",\"@graph\":[{\"@type\":\"WebPage\",\"@id\":\"https:\/\/www.cgw.cl\/wordpress\/centro-de-padres-y-apoderados\/\",\"url\":\"https:\/\/www.cgw.cl\/wordpress\/centro-de-padres-y-apoderados\/\",\"name\":\"Centro de Padres y Apoderados - COLEGIO GEORGE WASHINGTON\",\"isPartOf\":{\"@id\":\"https:\/\/www.cgw.cl\/wordpress\/#website\"},\"primaryImageOfPage\":{\"@id\":\"https:\/\/www.cgw.cl\/wordpress\/centro-de-padres-y-apoderados\/#primaryimage\"},\"image\":{\"@id\":\"https:\/\/www.cgw.cl\/wordpress\/centro-de-padres-y-apoderados\/#primaryimage\"},\"thumbnailUrl\":\"https:\/\/www.cgw.cl\/wordpress\/wp-content\/uploads\/2026\/03\/Image-2026-01-768x1024.jpeg\",\"datePublished\":\"2018-06-24T00:56:59+00:00\",\"dateModified\":\"2026-04-06T19:21:13+00:00\",\"description\":\"Centro de Padres y Apoderados COLEGIO GEORGE WASHINGTON\",\"breadcrumb\":{\"@id\":\"https:\/\/www.cgw.cl\/wordpress\/centro-de-padres-y-apoderados\/#breadcrumb\"},\"inLanguage\":\"es-CL\",\"potentialAction\":[{\"@type\":\"ReadAction\",\"target\":[\"https:\/\/www.cgw.cl\/wordpress\/centro-de-padres-y-apoderados\/\"]}]},{\"@type\":\"ImageObject\",\"inLanguage\":\"es-CL\",\"@id\":\"https:\/\/www.cgw.cl\/wordpress\/centro-de-padres-y-apoderados\/#primaryimage\",\"url\":\"https:\/\/www.cgw.cl\/wordpress\/wp-content\/uploads\/2026\/03\/Image-2026-01-768x1024.jpeg\",\"contentUrl\":\"https:\/\/www.cgw.cl\/wordpress\/wp-content\/uploads\/2026\/03\/Image-2026-01-768x1024.jpeg\"},{\"@type\":\"BreadcrumbList\",\"@id\":\"https:\/\/www.cgw.cl\/wordpress\/centro-de-padres-y-apoderados\/#breadcrumb\",\"itemListElement\":[{\"@type\":\"ListItem\",\"position\":1,\"name\":\"Portada\",\"item\":\"https:\/\/www.cgw.cl\/wordpress\/\"},{\"@type\":\"ListItem\",\"position\":2,\"name\":\"Centro de Padres y Apoderados\"}]},{\"@type\":\"WebSite\",\"@id\":\"https:\/\/www.cgw.cl\/wordpress\/#website\",\"url\":\"https:\/\/www.cgw.cl\/wordpress\/\",\"name\":\"COLEGIO GEORGE WASHINGTON\",\"description\":\"Acoger para Educar\",\"publisher\":{\"@id\":\"https:\/\/www.cgw.cl\/wordpress\/#organization\"},\"potentialAction\":[{\"@type\":\"SearchAction\",\"target\":{\"@type\":\"EntryPoint\",\"urlTemplate\":\"https:\/\/www.cgw.cl\/wordpress\/?s={search_term_string}\"},\"query-input\":{\"@type\":\"PropertyValueSpecification\",\"valueRequired\":true,\"valueName\":\"search_term_string\"}}],\"inLanguage\":\"es-CL\"},{\"@type\":\"Organization\",\"@id\":\"https:\/\/www.cgw.cl\/wordpress\/#organization\",\"name\":\"Colegio George Washington\",\"url\":\"https:\/\/www.cgw.cl\/wordpress\/\",\"logo\":{\"@type\":\"ImageObject\",\"inLanguage\":\"es-CL\",\"@id\":\"https:\/\/www.cgw.cl\/wordpress\/#\/schema\/logo\/image\/\",\"url\":\"https:\/\/www.cgw.cl\/wordpress\/wp-content\/uploads\/2020\/05\/cropped-logo.jpg\",\"contentUrl\":\"https:\/\/www.cgw.cl\/wordpress\/wp-content\/uploads\/2020\/05\/cropped-logo.jpg\",\"width\":197,\"height\":242,\"caption\":\"Colegio George Washington\"},\"image\":{\"@id\":\"https:\/\/www.cgw.cl\/wordpress\/#\/schema\/logo\/image\/\"},\"sameAs\":[\"https:\/\/www.facebook.com\/georgewashingtoncolegio\/?ref=py_c\",\"https:\/\/www.youtube.com\/channel\/UC10HKTjK5XlIOSMZa_ryQJA\"]}]}<\/script>\n<!-- \/ Yoast SEO plugin. -->","yoast_head_json":{"title":"Centro de Padres y Apoderados - COLEGIO GEORGE WASHINGTON","description":"Centro de Padres y Apoderados COLEGIO GEORGE WASHINGTON","robots":{"index":"index","follow":"follow","max-snippet":"max-snippet:-1","max-image-preview":"max-image-preview:large","max-video-preview":"max-video-preview:-1"},"canonical":"https:\/\/www.cgw.cl\/wordpress\/centro-de-padres-y-apoderados\/","og_locale":"es_ES","og_type":"article","og_title":"Centro de Padres y Apoderados - COLEGIO GEORGE WASHINGTON","og_description":"Centro de Padres y Apoderados COLEGIO GEORGE WASHINGTON","og_url":"https:\/\/www.cgw.cl\/wordpress\/centro-de-padres-y-apoderados\/","og_site_name":"COLEGIO GEORGE WASHINGTON","article_publisher":"https:\/\/www.facebook.com\/georgewashingtoncolegio\/?ref=py_c","article_modified_time":"2026-04-06T19:21:13+00:00","og_image":[{"url":"https:\/\/www.cgw.cl\/wordpress\/wp-content\/uploads\/2026\/03\/Image-2026-01-768x1024.jpeg","type":"","width":"","height":""}],"twitter_card":"summary_large_image","twitter_misc":{"Tiempo estimado de lectura":"3 minutos"},"schema":{"@context":"https:\/\/schema.org","@graph":[{"@type":"WebPage","@id":"https:\/\/www.cgw.cl\/wordpress\/centro-de-padres-y-apoderados\/","url":"https:\/\/www.cgw.cl\/wordpress\/centro-de-padres-y-apoderados\/","name":"Centro de Padres y Apoderados - COLEGIO GEORGE WASHINGTON","isPartOf":{"@id":"https:\/\/www.cgw.cl\/wordpress\/#website"},"primaryImageOfPage":{"@id":"https:\/\/www.cgw.cl\/wordpress\/centro-de-padres-y-apoderados\/#primaryimage"},"image":{"@id":"https:\/\/www.cgw.cl\/wordpress\/centro-de-padres-y-apoderados\/#primaryimage"},"thumbnailUrl":"https:\/\/www.cgw.cl\/wordpress\/wp-content\/uploads\/2026\/03\/Image-2026-01-768x1024.jpeg","datePublished":"2018-06-24T00:56:59+00:00","dateModified":"2026-04-06T19:21:13+00:00","description":"Centro de Padres y Apoderados COLEGIO GEORGE WASHINGTON","breadcrumb":{"@id":"https:\/\/www.cgw.cl\/wordpress\/centro-de-padres-y-apoderados\/#breadcrumb"},"inLanguage":"es-CL","potentialAction":[{"@type":"ReadAction","target":["https:\/\/www.cgw.cl\/wordpress\/centro-de-padres-y-apoderados\/"]}]},{"@type":"ImageObject","inLanguage":"es-CL","@id":"https:\/\/www.cgw.cl\/wordpress\/centro-de-padres-y-apoderados\/#primaryimage","url":"https:\/\/www.cgw.cl\/wordpress\/wp-content\/uploads\/2026\/03\/Image-2026-01-768x1024.jpeg","contentUrl":"https:\/\/www.cgw.cl\/wordpress\/wp-content\/uploads\/2026\/03\/Image-2026-01-768x1024.jpeg"},{"@type":"BreadcrumbList","@id":"https:\/\/www.cgw.cl\/wordpress\/centro-de-padres-y-apoderados\/#breadcrumb","itemListElement":[{"@type":"ListItem","position":1,"name":"Portada","item":"https:\/\/www.cgw.cl\/wordpress\/"},{"@type":"ListItem","position":2,"name":"Centro de Padres y Apoderados"}]},{"@type":"WebSite","@id":"https:\/\/www.cgw.cl\/wordpress\/#website","url":"https:\/\/www.cgw.cl\/wordpress\/","name":"COLEGIO GEORGE WASHINGTON","description":"Acoger para Educar","publisher":{"@id":"https:\/\/www.cgw.cl\/wordpress\/#organization"},"potentialAction":[{"@type":"SearchAction","target":{"@type":"EntryPoint","urlTemplate":"https:\/\/www.cgw.cl\/wordpress\/?s={search_term_string}"},"query-input":{"@type":"PropertyValueSpecification","valueRequired":true,"valueName":"search_term_string"}}],"inLanguage":"es-CL"},{"@type":"Organization","@id":"https:\/\/www.cgw.cl\/wordpress\/#organization","name":"Colegio George Washington","url":"https:\/\/www.cgw.cl\/wordpress\/","logo":{"@type":"ImageObject","inLanguage":"es-CL","@id":"https:\/\/www.cgw.cl\/wordpress\/#\/schema\/logo\/image\/","url":"https:\/\/www.cgw.cl\/wordpress\/wp-content\/uploads\/2020\/05\/cropped-logo.jpg","contentUrl":"https:\/\/www.cgw.cl\/wordpress\/wp-content\/uploads\/2020\/05\/cropped-logo.jpg","width":197,"height":242,"caption":"Colegio George Washington"},"image":{"@id":"https:\/\/www.cgw.cl\/wordpress\/#\/schema\/logo\/image\/"},"sameAs":["https:\/\/www.facebook.com\/georgewashingtoncolegio\/?ref=py_c","https:\/\/www.youtube.com\/channel\/UC10HKTjK5XlIOSMZa_ryQJA"]}]}},"_links":{"self":[{"href":"https:\/\/www.cgw.cl\/wordpress\/wp-json\/wp\/v2\/pages\/858","targetHints":{"allow":["GET"]}}],"collection":[{"href":"https:\/\/www.cgw.cl\/wordpress\/wp-json\/wp\/v2\/pages"}],"about":[{"href":"https:\/\/www.cgw.cl\/wordpress\/wp-json\/wp\/v2\/types\/page"}],"author":[{"embeddable":true,"href":"https:\/\/www.cgw.cl\/wordpress\/wp-json\/wp\/v2\/users\/1"}],"replies":[{"embeddable":true,"href":"https:\/\/www.cgw.cl\/wordpress\/wp-json\/wp\/v2\/comments?post=858"}],"version-history":[{"count":0,"href":"https:\/\/www.cgw.cl\/wordpress\/wp-json\/wp\/v2\/pages\/858\/revisions"}],"wp:attachment":[{"href":"https:\/\/www.cgw.cl\/wordpress\/wp-json\/wp\/v2\/media?parent=858"}],"curies":[{"name":"wp","href":"https:\/\/api.w.org\/{rel}","templated":true}]}}