{"id":1727,"date":"2019-02-20T06:02:17","date_gmt":"2019-02-20T09:02:17","guid":{"rendered":"http:\/\/www.cgw.cl\/wordpress\/?page_id=1727"},"modified":"2026-04-17T10:27:23","modified_gmt":"2026-04-17T14:27:23","slug":"parvulo","status":"publish","type":"page","link":"https:\/\/www.cgw.cl\/wordpress\/parvulo\/","title":{"rendered":"P\u00e1rvulos"},"content":{"rendered":"\t\t<div data-elementor-type=\"wp-page\" data-elementor-id=\"1727\" class=\"elementor elementor-1727\">\n\t\t\t\t\t\t<section class=\"elementor-section elementor-top-section elementor-element elementor-element-3f5a6e7 elementor-section-boxed elementor-section-height-default elementor-section-height-default\" data-id=\"3f5a6e7\" data-element_type=\"section\">\n\t\t\t\t\t\t<div class=\"elementor-container elementor-column-gap-default\">\n\t\t\t\t\t<div class=\"elementor-column elementor-col-50 elementor-top-column elementor-element elementor-element-fe1eaca\" data-id=\"fe1eaca\" data-element_type=\"column\">\n\t\t\t<div class=\"elementor-widget-wrap elementor-element-populated\">\n\t\t\t\t\t\t<div class=\"elementor-element elementor-element-2e38df2 elementor-widget elementor-widget-text-editor\" data-id=\"2e38df2\" data-element_type=\"widget\" data-widget_type=\"text-editor.default\">\n\t\t\t\t<div class=\"elementor-widget-container\">\n\t\t\t\t\t\t\t\t\t<p><strong>JOHANNA APABLAZA<\/strong><\/p><p><img fetchpriority=\"high\" decoding=\"async\" class=\"alignnone wp-image-27858\" src=\"https:\/\/www.cgw.cl\/wordpress\/wp-content\/uploads\/2022\/02\/JA-228x300.png\" alt=\"\" width=\"199\" height=\"262\" srcset=\"https:\/\/www.cgw.cl\/wordpress\/wp-content\/uploads\/2022\/02\/JA-228x300.png 228w, https:\/\/www.cgw.cl\/wordpress\/wp-content\/uploads\/2022\/02\/JA-114x150.png 114w, https:\/\/www.cgw.cl\/wordpress\/wp-content\/uploads\/2022\/02\/JA.png 239w\" sizes=\"(max-width: 199px) 100vw, 199px\" \/><\/p><p>Educadora Prek\u00ednder A<\/p>\t\t\t\t\t\t\t\t<\/div>\n\t\t\t\t<\/div>\n\t\t\t\t\t<\/div>\n\t\t<\/div>\n\t\t\t\t<div class=\"elementor-column elementor-col-50 elementor-top-column elementor-element elementor-element-3de8d5f\" data-id=\"3de8d5f\" data-element_type=\"column\">\n\t\t\t<div class=\"elementor-widget-wrap elementor-element-populated\">\n\t\t\t\t\t\t<div class=\"elementor-element elementor-element-875893a elementor-widget elementor-widget-text-editor\" data-id=\"875893a\" data-element_type=\"widget\" data-widget_type=\"text-editor.default\">\n\t\t\t\t<div class=\"elementor-widget-container\">\n\t\t\t\t\t\t\t\t\t<p><strong>MAR\u00cdA JOS\u00c9 BELMAR<\/strong><\/p><p><img decoding=\"async\" class=\"alignnone wp-image-27860\" src=\"https:\/\/www.cgw.cl\/wordpress\/wp-content\/uploads\/2022\/02\/MB-248x300.png\" alt=\"\" width=\"215\" height=\"260\" srcset=\"https:\/\/www.cgw.cl\/wordpress\/wp-content\/uploads\/2022\/02\/MB-248x300.png 248w, https:\/\/www.cgw.cl\/wordpress\/wp-content\/uploads\/2022\/02\/MB-124x150.png 124w, https:\/\/www.cgw.cl\/wordpress\/wp-content\/uploads\/2022\/02\/MB.png 379w\" sizes=\"(max-width: 215px) 100vw, 215px\" \/><\/p><p>Educadora Prek\u00ednder B<\/p>\t\t\t\t\t\t\t\t<\/div>\n\t\t\t\t<\/div>\n\t\t\t\t\t<\/div>\n\t\t<\/div>\n\t\t\t\t\t<\/div>\n\t\t<\/section>\n\t\t\t\t<section class=\"elementor-section elementor-top-section elementor-element elementor-element-c605d2d elementor-section-boxed elementor-section-height-default elementor-section-height-default\" data-id=\"c605d2d\" data-element_type=\"section\">\n\t\t\t\t\t\t<div class=\"elementor-container elementor-column-gap-default\">\n\t\t\t\t\t<div class=\"elementor-column elementor-col-50 elementor-top-column elementor-element elementor-element-8b85f5b\" data-id=\"8b85f5b\" data-element_type=\"column\">\n\t\t\t<div class=\"elementor-widget-wrap elementor-element-populated\">\n\t\t\t\t\t\t<div class=\"elementor-element elementor-element-70505ce elementor-widget elementor-widget-text-editor\" data-id=\"70505ce\" data-element_type=\"widget\" data-widget_type=\"text-editor.default\">\n\t\t\t\t<div class=\"elementor-widget-container\">\n\t\t\t\t\t\t\t\t\t<p><span style=\"color: #000080;\"><strong>IN\u00c9S CASTRO<\/strong><\/span><img decoding=\"async\" class=\" wp-image-27857 aligncenter\" src=\"https:\/\/www.cgw.cl\/wordpress\/wp-content\/uploads\/2022\/02\/IC-249x300.png\" alt=\"\" width=\"202\" height=\"244\" srcset=\"https:\/\/www.cgw.cl\/wordpress\/wp-content\/uploads\/2022\/02\/IC-249x300.png 249w, https:\/\/www.cgw.cl\/wordpress\/wp-content\/uploads\/2022\/02\/IC-125x150.png 125w, https:\/\/www.cgw.cl\/wordpress\/wp-content\/uploads\/2022\/02\/IC.png 334w\" sizes=\"(max-width: 202px) 100vw, 202px\" \/><span style=\"color: #000080;\">Educadora <\/span><span style=\"color: #000080;\">K\u00ednder A<\/span><\/p>\t\t\t\t\t\t\t\t<\/div>\n\t\t\t\t<\/div>\n\t\t\t\t\t<\/div>\n\t\t<\/div>\n\t\t\t\t<div class=\"elementor-column elementor-col-50 elementor-top-column elementor-element elementor-element-c642db1\" data-id=\"c642db1\" data-element_type=\"column\">\n\t\t\t<div class=\"elementor-widget-wrap elementor-element-populated\">\n\t\t\t\t\t\t<div class=\"elementor-element elementor-element-b986ff4 elementor-widget elementor-widget-text-editor\" data-id=\"b986ff4\" data-element_type=\"widget\" data-widget_type=\"text-editor.default\">\n\t\t\t\t<div class=\"elementor-widget-container\">\n\t\t\t\t\t\t\t\t\t<p><strong>\u00a0<\/strong><strong>KAREN HORTA<\/strong><img loading=\"lazy\" decoding=\"async\" class=\"alignnone  wp-image-38237\" src=\"https:\/\/www.cgw.cl\/wordpress\/wp-content\/uploads\/2024\/10\/KH-230x300.jpg\" alt=\"\" width=\"188\" height=\"245\" srcset=\"https:\/\/www.cgw.cl\/wordpress\/wp-content\/uploads\/2024\/10\/KH-230x300.jpg 230w, https:\/\/www.cgw.cl\/wordpress\/wp-content\/uploads\/2024\/10\/KH-787x1024.jpg 787w, https:\/\/www.cgw.cl\/wordpress\/wp-content\/uploads\/2024\/10\/KH-115x150.jpg 115w, https:\/\/www.cgw.cl\/wordpress\/wp-content\/uploads\/2024\/10\/KH-768x1000.jpg 768w, https:\/\/www.cgw.cl\/wordpress\/wp-content\/uploads\/2024\/10\/KH-1180x1536.jpg 1180w, https:\/\/www.cgw.cl\/wordpress\/wp-content\/uploads\/2024\/10\/KH-1573x2048.jpg 1573w, https:\/\/www.cgw.cl\/wordpress\/wp-content\/uploads\/2024\/10\/KH-scaled.jpg 1967w\" sizes=\"(max-width: 188px) 100vw, 188px\" \/>Educadora K\u00ednder B<\/p>\t\t\t\t\t\t\t\t<\/div>\n\t\t\t\t<\/div>\n\t\t\t\t\t<\/div>\n\t\t<\/div>\n\t\t\t\t\t<\/div>\n\t\t<\/section>\n\t\t\t\t<\/div>\n\t\t","protected":false},"excerpt":{"rendered":"<p>JOHANNA APABLAZA Educadora Prek\u00ednder A MAR\u00cdA JOS\u00c9 BELMAR Educadora Prek\u00ednder B IN\u00c9S CASTROEducadora K\u00ednder A \u00a0KAREN HORTAEducadora K\u00ednder B<\/p>\n","protected":false},"author":1,"featured_media":0,"parent":0,"menu_order":0,"comment_status":"closed","ping_status":"closed","template":"","meta":{"footnotes":""},"class_list":["post-1727","page","type-page","status-publish","hentry"],"yoast_head":"<!-- This site is optimized with the Yoast SEO plugin v25.9 - https:\/\/yoast.com\/wordpress\/plugins\/seo\/ -->\n<title>P\u00e1rvulos - COLEGIO GEORGE WASHINGTON<\/title>\n<meta name=\"description\" content=\"P\u00e1rvulos COLEGIO GEORGE WASHINGTON\" \/>\n<meta name=\"robots\" content=\"index, follow, max-snippet:-1, max-image-preview:large, max-video-preview:-1\" \/>\n<link rel=\"canonical\" href=\"https:\/\/www.cgw.cl\/wordpress\/parvulo\/\" \/>\n<meta property=\"og:locale\" content=\"es_ES\" \/>\n<meta property=\"og:type\" content=\"article\" \/>\n<meta property=\"og:title\" content=\"P\u00e1rvulos - COLEGIO GEORGE WASHINGTON\" \/>\n<meta property=\"og:description\" content=\"P\u00e1rvulos COLEGIO GEORGE WASHINGTON\" \/>\n<meta property=\"og:url\" content=\"https:\/\/www.cgw.cl\/wordpress\/parvulo\/\" \/>\n<meta property=\"og:site_name\" content=\"COLEGIO GEORGE WASHINGTON\" \/>\n<meta property=\"article:publisher\" content=\"https:\/\/www.facebook.com\/georgewashingtoncolegio\/?ref=py_c\" \/>\n<meta property=\"article:modified_time\" content=\"2026-04-17T14:27:23+00:00\" \/>\n<meta property=\"og:image\" content=\"https:\/\/www.cgw.cl\/wordpress\/wp-content\/uploads\/2022\/02\/JA.png\" \/>\n\t<meta property=\"og:image:width\" content=\"239\" \/>\n\t<meta property=\"og:image:height\" content=\"314\" \/>\n\t<meta property=\"og:image:type\" content=\"image\/png\" \/>\n<meta name=\"twitter:card\" content=\"summary_large_image\" \/>\n<meta name=\"twitter:label1\" content=\"Tiempo estimado de lectura\" \/>\n\t<meta name=\"twitter:data1\" content=\"1 minuto\" \/>\n<script type=\"application\/ld+json\" class=\"yoast-schema-graph\">{\"@context\":\"https:\/\/schema.org\",\"@graph\":[{\"@type\":\"WebPage\",\"@id\":\"https:\/\/www.cgw.cl\/wordpress\/parvulo\/\",\"url\":\"https:\/\/www.cgw.cl\/wordpress\/parvulo\/\",\"name\":\"P\u00e1rvulos - COLEGIO GEORGE WASHINGTON\",\"isPartOf\":{\"@id\":\"https:\/\/www.cgw.cl\/wordpress\/#website\"},\"primaryImageOfPage\":{\"@id\":\"https:\/\/www.cgw.cl\/wordpress\/parvulo\/#primaryimage\"},\"image\":{\"@id\":\"https:\/\/www.cgw.cl\/wordpress\/parvulo\/#primaryimage\"},\"thumbnailUrl\":\"https:\/\/www.cgw.cl\/wordpress\/wp-content\/uploads\/2022\/02\/JA-228x300.png\",\"datePublished\":\"2019-02-20T09:02:17+00:00\",\"dateModified\":\"2026-04-17T14:27:23+00:00\",\"description\":\"P\u00e1rvulos COLEGIO GEORGE WASHINGTON\",\"breadcrumb\":{\"@id\":\"https:\/\/www.cgw.cl\/wordpress\/parvulo\/#breadcrumb\"},\"inLanguage\":\"es-CL\",\"potentialAction\":[{\"@type\":\"ReadAction\",\"target\":[\"https:\/\/www.cgw.cl\/wordpress\/parvulo\/\"]}]},{\"@type\":\"ImageObject\",\"inLanguage\":\"es-CL\",\"@id\":\"https:\/\/www.cgw.cl\/wordpress\/parvulo\/#primaryimage\",\"url\":\"https:\/\/www.cgw.cl\/wordpress\/wp-content\/uploads\/2022\/02\/JA.png\",\"contentUrl\":\"https:\/\/www.cgw.cl\/wordpress\/wp-content\/uploads\/2022\/02\/JA.png\",\"width\":239,\"height\":314},{\"@type\":\"BreadcrumbList\",\"@id\":\"https:\/\/www.cgw.cl\/wordpress\/parvulo\/#breadcrumb\",\"itemListElement\":[{\"@type\":\"ListItem\",\"position\":1,\"name\":\"Portada\",\"item\":\"https:\/\/www.cgw.cl\/wordpress\/\"},{\"@type\":\"ListItem\",\"position\":2,\"name\":\"P\u00e1rvulos\"}]},{\"@type\":\"WebSite\",\"@id\":\"https:\/\/www.cgw.cl\/wordpress\/#website\",\"url\":\"https:\/\/www.cgw.cl\/wordpress\/\",\"name\":\"COLEGIO GEORGE WASHINGTON\",\"description\":\"Acoger para Educar\",\"publisher\":{\"@id\":\"https:\/\/www.cgw.cl\/wordpress\/#organization\"},\"potentialAction\":[{\"@type\":\"SearchAction\",\"target\":{\"@type\":\"EntryPoint\",\"urlTemplate\":\"https:\/\/www.cgw.cl\/wordpress\/?s={search_term_string}\"},\"query-input\":{\"@type\":\"PropertyValueSpecification\",\"valueRequired\":true,\"valueName\":\"search_term_string\"}}],\"inLanguage\":\"es-CL\"},{\"@type\":\"Organization\",\"@id\":\"https:\/\/www.cgw.cl\/wordpress\/#organization\",\"name\":\"Colegio George Washington\",\"url\":\"https:\/\/www.cgw.cl\/wordpress\/\",\"logo\":{\"@type\":\"ImageObject\",\"inLanguage\":\"es-CL\",\"@id\":\"https:\/\/www.cgw.cl\/wordpress\/#\/schema\/logo\/image\/\",\"url\":\"https:\/\/www.cgw.cl\/wordpress\/wp-content\/uploads\/2020\/05\/cropped-logo.jpg\",\"contentUrl\":\"https:\/\/www.cgw.cl\/wordpress\/wp-content\/uploads\/2020\/05\/cropped-logo.jpg\",\"width\":197,\"height\":242,\"caption\":\"Colegio George Washington\"},\"image\":{\"@id\":\"https:\/\/www.cgw.cl\/wordpress\/#\/schema\/logo\/image\/\"},\"sameAs\":[\"https:\/\/www.facebook.com\/georgewashingtoncolegio\/?ref=py_c\",\"https:\/\/www.youtube.com\/channel\/UC10HKTjK5XlIOSMZa_ryQJA\"]}]}<\/script>\n<!-- \/ Yoast SEO plugin. -->","yoast_head_json":{"title":"P\u00e1rvulos - COLEGIO GEORGE WASHINGTON","description":"P\u00e1rvulos COLEGIO GEORGE WASHINGTON","robots":{"index":"index","follow":"follow","max-snippet":"max-snippet:-1","max-image-preview":"max-image-preview:large","max-video-preview":"max-video-preview:-1"},"canonical":"https:\/\/www.cgw.cl\/wordpress\/parvulo\/","og_locale":"es_ES","og_type":"article","og_title":"P\u00e1rvulos - COLEGIO GEORGE WASHINGTON","og_description":"P\u00e1rvulos COLEGIO GEORGE WASHINGTON","og_url":"https:\/\/www.cgw.cl\/wordpress\/parvulo\/","og_site_name":"COLEGIO GEORGE WASHINGTON","article_publisher":"https:\/\/www.facebook.com\/georgewashingtoncolegio\/?ref=py_c","article_modified_time":"2026-04-17T14:27:23+00:00","og_image":[{"width":239,"height":314,"url":"https:\/\/www.cgw.cl\/wordpress\/wp-content\/uploads\/2022\/02\/JA.png","type":"image\/png"}],"twitter_card":"summary_large_image","twitter_misc":{"Tiempo estimado de lectura":"1 minuto"},"schema":{"@context":"https:\/\/schema.org","@graph":[{"@type":"WebPage","@id":"https:\/\/www.cgw.cl\/wordpress\/parvulo\/","url":"https:\/\/www.cgw.cl\/wordpress\/parvulo\/","name":"P\u00e1rvulos - COLEGIO GEORGE WASHINGTON","isPartOf":{"@id":"https:\/\/www.cgw.cl\/wordpress\/#website"},"primaryImageOfPage":{"@id":"https:\/\/www.cgw.cl\/wordpress\/parvulo\/#primaryimage"},"image":{"@id":"https:\/\/www.cgw.cl\/wordpress\/parvulo\/#primaryimage"},"thumbnailUrl":"https:\/\/www.cgw.cl\/wordpress\/wp-content\/uploads\/2022\/02\/JA-228x300.png","datePublished":"2019-02-20T09:02:17+00:00","dateModified":"2026-04-17T14:27:23+00:00","description":"P\u00e1rvulos COLEGIO GEORGE WASHINGTON","breadcrumb":{"@id":"https:\/\/www.cgw.cl\/wordpress\/parvulo\/#breadcrumb"},"inLanguage":"es-CL","potentialAction":[{"@type":"ReadAction","target":["https:\/\/www.cgw.cl\/wordpress\/parvulo\/"]}]},{"@type":"ImageObject","inLanguage":"es-CL","@id":"https:\/\/www.cgw.cl\/wordpress\/parvulo\/#primaryimage","url":"https:\/\/www.cgw.cl\/wordpress\/wp-content\/uploads\/2022\/02\/JA.png","contentUrl":"https:\/\/www.cgw.cl\/wordpress\/wp-content\/uploads\/2022\/02\/JA.png","width":239,"height":314},{"@type":"BreadcrumbList","@id":"https:\/\/www.cgw.cl\/wordpress\/parvulo\/#breadcrumb","itemListElement":[{"@type":"ListItem","position":1,"name":"Portada","item":"https:\/\/www.cgw.cl\/wordpress\/"},{"@type":"ListItem","position":2,"name":"P\u00e1rvulos"}]},{"@type":"WebSite","@id":"https:\/\/www.cgw.cl\/wordpress\/#website","url":"https:\/\/www.cgw.cl\/wordpress\/","name":"COLEGIO GEORGE WASHINGTON","description":"Acoger para Educar","publisher":{"@id":"https:\/\/www.cgw.cl\/wordpress\/#organization"},"potentialAction":[{"@type":"SearchAction","target":{"@type":"EntryPoint","urlTemplate":"https:\/\/www.cgw.cl\/wordpress\/?s={search_term_string}"},"query-input":{"@type":"PropertyValueSpecification","valueRequired":true,"valueName":"search_term_string"}}],"inLanguage":"es-CL"},{"@type":"Organization","@id":"https:\/\/www.cgw.cl\/wordpress\/#organization","name":"Colegio George Washington","url":"https:\/\/www.cgw.cl\/wordpress\/","logo":{"@type":"ImageObject","inLanguage":"es-CL","@id":"https:\/\/www.cgw.cl\/wordpress\/#\/schema\/logo\/image\/","url":"https:\/\/www.cgw.cl\/wordpress\/wp-content\/uploads\/2020\/05\/cropped-logo.jpg","contentUrl":"https:\/\/www.cgw.cl\/wordpress\/wp-content\/uploads\/2020\/05\/cropped-logo.jpg","width":197,"height":242,"caption":"Colegio George Washington"},"image":{"@id":"https:\/\/www.cgw.cl\/wordpress\/#\/schema\/logo\/image\/"},"sameAs":["https:\/\/www.facebook.com\/georgewashingtoncolegio\/?ref=py_c","https:\/\/www.youtube.com\/channel\/UC10HKTjK5XlIOSMZa_ryQJA"]}]}},"_links":{"self":[{"href":"https:\/\/www.cgw.cl\/wordpress\/wp-json\/wp\/v2\/pages\/1727","targetHints":{"allow":["GET"]}}],"collection":[{"href":"https:\/\/www.cgw.cl\/wordpress\/wp-json\/wp\/v2\/pages"}],"about":[{"href":"https:\/\/www.cgw.cl\/wordpress\/wp-json\/wp\/v2\/types\/page"}],"author":[{"embeddable":true,"href":"https:\/\/www.cgw.cl\/wordpress\/wp-json\/wp\/v2\/users\/1"}],"replies":[{"embeddable":true,"href":"https:\/\/www.cgw.cl\/wordpress\/wp-json\/wp\/v2\/comments?post=1727"}],"version-history":[{"count":9,"href":"https:\/\/www.cgw.cl\/wordpress\/wp-json\/wp\/v2\/pages\/1727\/revisions"}],"predecessor-version":[{"id":40864,"href":"https:\/\/www.cgw.cl\/wordpress\/wp-json\/wp\/v2\/pages\/1727\/revisions\/40864"}],"wp:attachment":[{"href":"https:\/\/www.cgw.cl\/wordpress\/wp-json\/wp\/v2\/media?parent=1727"}],"curies":[{"name":"wp","href":"https:\/\/api.w.org\/{rel}","templated":true}]}}