{"id":1721,"date":"2019-02-20T05:47:04","date_gmt":"2019-02-20T08:47:04","guid":{"rendered":"http:\/\/www.cgw.cl\/wordpress\/?page_id=1721"},"modified":"2024-10-01T12:35:32","modified_gmt":"2024-10-01T15:35:32","slug":"inspectores","status":"publish","type":"page","link":"https:\/\/www.cgw.cl\/wordpress\/inspectores\/","title":{"rendered":"Inspectores"},"content":{"rendered":"\t\t<div data-elementor-type=\"wp-page\" data-elementor-id=\"1721\" class=\"elementor elementor-1721\">\n\t\t\t\t\t\t<section class=\"elementor-section elementor-top-section elementor-element elementor-element-a99a7fa elementor-section-boxed elementor-section-height-default elementor-section-height-default\" data-id=\"a99a7fa\" data-element_type=\"section\">\n\t\t\t\t\t\t<div class=\"elementor-container elementor-column-gap-default\">\n\t\t\t\t\t<div class=\"elementor-column elementor-col-100 elementor-top-column elementor-element elementor-element-c086c80\" data-id=\"c086c80\" data-element_type=\"column\">\n\t\t\t<div class=\"elementor-widget-wrap elementor-element-populated\">\n\t\t\t\t\t\t<div class=\"elementor-element elementor-element-474d789 elementor-widget elementor-widget-text-editor\" data-id=\"474d789\" data-element_type=\"widget\" data-widget_type=\"text-editor.default\">\n\t\t\t\t<div class=\"elementor-widget-container\">\n\t\t\t\t\t\t\t\t\t<p><strong><span style=\"color: #000080;\">FERNANDO RAMIREZ\u00a0<\/span><\/strong><\/p><p><img fetchpriority=\"high\" decoding=\"async\" class=\"alignnone size-medium wp-image-27945\" src=\"https:\/\/www.cgw.cl\/wordpress\/wp-content\/uploads\/2022\/02\/FR-240x300.png\" alt=\"\" width=\"240\" height=\"300\" srcset=\"https:\/\/www.cgw.cl\/wordpress\/wp-content\/uploads\/2022\/02\/FR-240x300.png 240w, https:\/\/www.cgw.cl\/wordpress\/wp-content\/uploads\/2022\/02\/FR-120x150.png 120w, https:\/\/www.cgw.cl\/wordpress\/wp-content\/uploads\/2022\/02\/FR.png 269w\" sizes=\"(max-width: 240px) 100vw, 240px\" \/><\/p><p style=\"text-align: center;\"><span style=\"color: #000080;\">Inspector General Primer Ciclo<\/span><span style=\"color: #000080;\">\u00a0<\/span><\/p>\t\t\t\t\t\t\t\t<\/div>\n\t\t\t\t<\/div>\n\t\t\t\t\t<\/div>\n\t\t<\/div>\n\t\t\t\t\t<\/div>\n\t\t<\/section>\n\t\t\t\t<section class=\"elementor-section elementor-top-section elementor-element elementor-element-b4294cd elementor-section-boxed elementor-section-height-default elementor-section-height-default\" data-id=\"b4294cd\" data-element_type=\"section\">\n\t\t\t\t\t\t<div class=\"elementor-container elementor-column-gap-default\">\n\t\t\t\t\t<div class=\"elementor-column elementor-col-50 elementor-top-column elementor-element elementor-element-9fe1117\" data-id=\"9fe1117\" data-element_type=\"column\">\n\t\t\t<div class=\"elementor-widget-wrap elementor-element-populated\">\n\t\t\t\t\t\t<div class=\"elementor-element elementor-element-0f9e0a4 elementor-widget elementor-widget-text-editor\" data-id=\"0f9e0a4\" data-element_type=\"widget\" data-widget_type=\"text-editor.default\">\n\t\t\t\t<div class=\"elementor-widget-container\">\n\t\t\t\t\t\t\t\t\t<p>Fabiola P\u00e9rez Ramos<\/p><p><img decoding=\"async\" class=\"alignnone size-full wp-image-27944\" src=\"https:\/\/www.cgw.cl\/wordpress\/wp-content\/uploads\/2022\/02\/FP.png\" alt=\"\" width=\"227\" height=\"297\" srcset=\"https:\/\/www.cgw.cl\/wordpress\/wp-content\/uploads\/2022\/02\/FP.png 227w, https:\/\/www.cgw.cl\/wordpress\/wp-content\/uploads\/2022\/02\/FP-115x150.png 115w\" sizes=\"(max-width: 227px) 100vw, 227px\" \/><\/p>\t\t\t\t\t\t\t\t<\/div>\n\t\t\t\t<\/div>\n\t\t\t\t\t<\/div>\n\t\t<\/div>\n\t\t\t\t<div class=\"elementor-column elementor-col-50 elementor-top-column elementor-element elementor-element-5e6cd59\" data-id=\"5e6cd59\" data-element_type=\"column\">\n\t\t\t<div class=\"elementor-widget-wrap elementor-element-populated\">\n\t\t\t\t\t\t<div class=\"elementor-element elementor-element-82e767a elementor-widget elementor-widget-text-editor\" data-id=\"82e767a\" data-element_type=\"widget\" data-widget_type=\"text-editor.default\">\n\t\t\t\t<div class=\"elementor-widget-container\">\n\t\t\t\t\t\t\t\t\t<p>Heriberto Aliaga Catal\u00e1n<\/p><p><img decoding=\"async\" class=\"alignnone size-medium wp-image-27947\" src=\"https:\/\/www.cgw.cl\/wordpress\/wp-content\/uploads\/2022\/02\/HA-231x300.png\" alt=\"\" width=\"231\" height=\"300\" srcset=\"https:\/\/www.cgw.cl\/wordpress\/wp-content\/uploads\/2022\/02\/HA-231x300.png 231w, https:\/\/www.cgw.cl\/wordpress\/wp-content\/uploads\/2022\/02\/HA-116x150.png 116w, https:\/\/www.cgw.cl\/wordpress\/wp-content\/uploads\/2022\/02\/HA.png 239w\" sizes=\"(max-width: 231px) 100vw, 231px\" \/><\/p>\t\t\t\t\t\t\t\t<\/div>\n\t\t\t\t<\/div>\n\t\t\t\t\t<\/div>\n\t\t<\/div>\n\t\t\t\t\t<\/div>\n\t\t<\/section>\n\t\t\t\t<section class=\"elementor-section elementor-top-section elementor-element elementor-element-f4d3b56 elementor-section-boxed elementor-section-height-default elementor-section-height-default\" data-id=\"f4d3b56\" data-element_type=\"section\">\n\t\t\t\t\t\t<div class=\"elementor-container elementor-column-gap-default\">\n\t\t\t\t\t<div class=\"elementor-column elementor-col-50 elementor-top-column elementor-element elementor-element-400017d\" data-id=\"400017d\" data-element_type=\"column\">\n\t\t\t<div class=\"elementor-widget-wrap elementor-element-populated\">\n\t\t\t\t\t\t<div class=\"elementor-element elementor-element-665c6fa elementor-widget elementor-widget-text-editor\" data-id=\"665c6fa\" data-element_type=\"widget\" data-widget_type=\"text-editor.default\">\n\t\t\t\t<div class=\"elementor-widget-container\">\n\t\t\t\t\t\t\t\t\t<p>Estela Ramos Garc\u00e9s<\/p><p><img loading=\"lazy\" decoding=\"async\" class=\"alignnone wp-image-27943\" src=\"https:\/\/www.cgw.cl\/wordpress\/wp-content\/uploads\/2022\/02\/ER.png\" alt=\"\" width=\"175\" height=\"195\" srcset=\"https:\/\/www.cgw.cl\/wordpress\/wp-content\/uploads\/2022\/02\/ER.png 236w, https:\/\/www.cgw.cl\/wordpress\/wp-content\/uploads\/2022\/02\/ER-135x150.png 135w\" sizes=\"(max-width: 175px) 100vw, 175px\" \/><\/p>\t\t\t\t\t\t\t\t<\/div>\n\t\t\t\t<\/div>\n\t\t\t\t\t<\/div>\n\t\t<\/div>\n\t\t\t\t<div class=\"elementor-column elementor-col-50 elementor-top-column elementor-element elementor-element-187ba13\" data-id=\"187ba13\" data-element_type=\"column\">\n\t\t\t<div class=\"elementor-widget-wrap elementor-element-populated\">\n\t\t\t\t\t\t<div class=\"elementor-element elementor-element-df818ba elementor-widget elementor-widget-text-editor\" data-id=\"df818ba\" data-element_type=\"widget\" data-widget_type=\"text-editor.default\">\n\t\t\t\t<div class=\"elementor-widget-container\">\n\t\t\t\t\t\t\t\t\t<p>Natalia Aliaga Beltr\u00e1n<\/p><p><img loading=\"lazy\" decoding=\"async\" class=\"alignnone  wp-image-27948\" src=\"https:\/\/www.cgw.cl\/wordpress\/wp-content\/uploads\/2022\/02\/NA.png\" alt=\"\" width=\"189\" height=\"214\" srcset=\"https:\/\/www.cgw.cl\/wordpress\/wp-content\/uploads\/2022\/02\/NA.png 239w, https:\/\/www.cgw.cl\/wordpress\/wp-content\/uploads\/2022\/02\/NA-132x150.png 132w\" sizes=\"(max-width: 189px) 100vw, 189px\" \/><\/p>\t\t\t\t\t\t\t\t<\/div>\n\t\t\t\t<\/div>\n\t\t\t\t\t<\/div>\n\t\t<\/div>\n\t\t\t\t\t<\/div>\n\t\t<\/section>\n\t\t\t\t<section class=\"elementor-section elementor-top-section elementor-element elementor-element-5fbd877 elementor-section-boxed elementor-section-height-default elementor-section-height-default\" data-id=\"5fbd877\" data-element_type=\"section\">\n\t\t\t\t\t\t<div class=\"elementor-container elementor-column-gap-default\">\n\t\t\t\t\t<div class=\"elementor-column elementor-col-50 elementor-top-column elementor-element elementor-element-2e4d582\" data-id=\"2e4d582\" data-element_type=\"column\">\n\t\t\t<div class=\"elementor-widget-wrap elementor-element-populated\">\n\t\t\t\t\t\t<div class=\"elementor-element elementor-element-4810542 elementor-widget elementor-widget-text-editor\" data-id=\"4810542\" data-element_type=\"widget\" data-widget_type=\"text-editor.default\">\n\t\t\t\t<div class=\"elementor-widget-container\">\n\t\t\t\t\t\t\t\t\t<p>David Ortega Herrera<\/p><p><img loading=\"lazy\" decoding=\"async\" class=\"alignnone  wp-image-27942\" src=\"https:\/\/www.cgw.cl\/wordpress\/wp-content\/uploads\/2022\/02\/DO.png\" alt=\"\" width=\"186\" height=\"229\" srcset=\"https:\/\/www.cgw.cl\/wordpress\/wp-content\/uploads\/2022\/02\/DO.png 235w, https:\/\/www.cgw.cl\/wordpress\/wp-content\/uploads\/2022\/02\/DO-122x150.png 122w\" sizes=\"(max-width: 186px) 100vw, 186px\" \/><\/p>\t\t\t\t\t\t\t\t<\/div>\n\t\t\t\t<\/div>\n\t\t\t\t\t<\/div>\n\t\t<\/div>\n\t\t\t\t<div class=\"elementor-column elementor-col-50 elementor-top-column elementor-element elementor-element-ed609a4\" data-id=\"ed609a4\" data-element_type=\"column\">\n\t\t\t<div class=\"elementor-widget-wrap elementor-element-populated\">\n\t\t\t\t\t\t<div class=\"elementor-element elementor-element-f78c682 elementor-widget elementor-widget-text-editor\" data-id=\"f78c682\" data-element_type=\"widget\" data-widget_type=\"text-editor.default\">\n\t\t\t\t<div class=\"elementor-widget-container\">\n\t\t\t\t\t\t\t\t\t<p>Roberto Guti\u00e9rrez Orellana<\/p><p><img loading=\"lazy\" decoding=\"async\" class=\"alignnone wp-image-27949\" src=\"https:\/\/www.cgw.cl\/wordpress\/wp-content\/uploads\/2022\/02\/RG-210x300.png\" alt=\"\" width=\"167\" height=\"239\" srcset=\"https:\/\/www.cgw.cl\/wordpress\/wp-content\/uploads\/2022\/02\/RG-210x300.png 210w, https:\/\/www.cgw.cl\/wordpress\/wp-content\/uploads\/2022\/02\/RG-105x150.png 105w, https:\/\/www.cgw.cl\/wordpress\/wp-content\/uploads\/2022\/02\/RG.png 213w\" sizes=\"(max-width: 167px) 100vw, 167px\" \/><\/p>\t\t\t\t\t\t\t\t<\/div>\n\t\t\t\t<\/div>\n\t\t\t\t\t<\/div>\n\t\t<\/div>\n\t\t\t\t\t<\/div>\n\t\t<\/section>\n\t\t\t\t<\/div>\n\t\t","protected":false},"excerpt":{"rendered":"<p>FERNANDO RAMIREZ\u00a0 Inspector General Primer Ciclo\u00a0 Fabiola P\u00e9rez Ramos Heriberto Aliaga Catal\u00e1n Estela Ramos Garc\u00e9s Natalia Aliaga Beltr\u00e1n David Ortega Herrera Roberto Guti\u00e9rrez Orellana<\/p>\n","protected":false},"author":1,"featured_media":0,"parent":0,"menu_order":0,"comment_status":"closed","ping_status":"closed","template":"","meta":{"footnotes":""},"class_list":["post-1721","page","type-page","status-publish","hentry"],"yoast_head":"<!-- This site is optimized with the Yoast SEO plugin v25.9 - https:\/\/yoast.com\/wordpress\/plugins\/seo\/ -->\n<title>Inspectores - COLEGIO GEORGE WASHINGTON<\/title>\n<meta name=\"description\" content=\"Inspectores COLEGIO GEORGE WASHINGTON\" \/>\n<meta name=\"robots\" content=\"index, follow, max-snippet:-1, max-image-preview:large, max-video-preview:-1\" \/>\n<link rel=\"canonical\" href=\"https:\/\/www.cgw.cl\/wordpress\/inspectores\/\" \/>\n<meta property=\"og:locale\" content=\"es_ES\" \/>\n<meta property=\"og:type\" content=\"article\" \/>\n<meta property=\"og:title\" content=\"Inspectores - COLEGIO GEORGE WASHINGTON\" \/>\n<meta property=\"og:description\" content=\"Inspectores COLEGIO GEORGE WASHINGTON\" \/>\n<meta property=\"og:url\" content=\"https:\/\/www.cgw.cl\/wordpress\/inspectores\/\" \/>\n<meta property=\"og:site_name\" content=\"COLEGIO GEORGE WASHINGTON\" \/>\n<meta property=\"article:publisher\" content=\"https:\/\/www.facebook.com\/georgewashingtoncolegio\/?ref=py_c\" \/>\n<meta property=\"article:modified_time\" content=\"2024-10-01T15:35:32+00:00\" \/>\n<meta property=\"og:image\" content=\"https:\/\/www.cgw.cl\/wordpress\/wp-content\/uploads\/2022\/02\/FR-240x300.png\" \/>\n<meta name=\"twitter:card\" content=\"summary_large_image\" \/>\n<meta name=\"twitter:label1\" content=\"Tiempo estimado de lectura\" \/>\n\t<meta name=\"twitter:data1\" content=\"2 minutos\" \/>\n<script type=\"application\/ld+json\" class=\"yoast-schema-graph\">{\"@context\":\"https:\/\/schema.org\",\"@graph\":[{\"@type\":\"WebPage\",\"@id\":\"https:\/\/www.cgw.cl\/wordpress\/inspectores\/\",\"url\":\"https:\/\/www.cgw.cl\/wordpress\/inspectores\/\",\"name\":\"Inspectores - COLEGIO GEORGE WASHINGTON\",\"isPartOf\":{\"@id\":\"https:\/\/www.cgw.cl\/wordpress\/#website\"},\"primaryImageOfPage\":{\"@id\":\"https:\/\/www.cgw.cl\/wordpress\/inspectores\/#primaryimage\"},\"image\":{\"@id\":\"https:\/\/www.cgw.cl\/wordpress\/inspectores\/#primaryimage\"},\"thumbnailUrl\":\"https:\/\/www.cgw.cl\/wordpress\/wp-content\/uploads\/2022\/02\/FR-240x300.png\",\"datePublished\":\"2019-02-20T08:47:04+00:00\",\"dateModified\":\"2024-10-01T15:35:32+00:00\",\"description\":\"Inspectores COLEGIO GEORGE WASHINGTON\",\"breadcrumb\":{\"@id\":\"https:\/\/www.cgw.cl\/wordpress\/inspectores\/#breadcrumb\"},\"inLanguage\":\"es-CL\",\"potentialAction\":[{\"@type\":\"ReadAction\",\"target\":[\"https:\/\/www.cgw.cl\/wordpress\/inspectores\/\"]}]},{\"@type\":\"ImageObject\",\"inLanguage\":\"es-CL\",\"@id\":\"https:\/\/www.cgw.cl\/wordpress\/inspectores\/#primaryimage\",\"url\":\"https:\/\/www.cgw.cl\/wordpress\/wp-content\/uploads\/2022\/02\/FR.png\",\"contentUrl\":\"https:\/\/www.cgw.cl\/wordpress\/wp-content\/uploads\/2022\/02\/FR.png\",\"width\":269,\"height\":336},{\"@type\":\"BreadcrumbList\",\"@id\":\"https:\/\/www.cgw.cl\/wordpress\/inspectores\/#breadcrumb\",\"itemListElement\":[{\"@type\":\"ListItem\",\"position\":1,\"name\":\"Portada\",\"item\":\"https:\/\/www.cgw.cl\/wordpress\/\"},{\"@type\":\"ListItem\",\"position\":2,\"name\":\"Inspectores\"}]},{\"@type\":\"WebSite\",\"@id\":\"https:\/\/www.cgw.cl\/wordpress\/#website\",\"url\":\"https:\/\/www.cgw.cl\/wordpress\/\",\"name\":\"COLEGIO GEORGE WASHINGTON\",\"description\":\"Acoger para Educar\",\"publisher\":{\"@id\":\"https:\/\/www.cgw.cl\/wordpress\/#organization\"},\"potentialAction\":[{\"@type\":\"SearchAction\",\"target\":{\"@type\":\"EntryPoint\",\"urlTemplate\":\"https:\/\/www.cgw.cl\/wordpress\/?s={search_term_string}\"},\"query-input\":{\"@type\":\"PropertyValueSpecification\",\"valueRequired\":true,\"valueName\":\"search_term_string\"}}],\"inLanguage\":\"es-CL\"},{\"@type\":\"Organization\",\"@id\":\"https:\/\/www.cgw.cl\/wordpress\/#organization\",\"name\":\"Colegio George Washington\",\"url\":\"https:\/\/www.cgw.cl\/wordpress\/\",\"logo\":{\"@type\":\"ImageObject\",\"inLanguage\":\"es-CL\",\"@id\":\"https:\/\/www.cgw.cl\/wordpress\/#\/schema\/logo\/image\/\",\"url\":\"https:\/\/www.cgw.cl\/wordpress\/wp-content\/uploads\/2020\/05\/cropped-logo.jpg\",\"contentUrl\":\"https:\/\/www.cgw.cl\/wordpress\/wp-content\/uploads\/2020\/05\/cropped-logo.jpg\",\"width\":197,\"height\":242,\"caption\":\"Colegio George Washington\"},\"image\":{\"@id\":\"https:\/\/www.cgw.cl\/wordpress\/#\/schema\/logo\/image\/\"},\"sameAs\":[\"https:\/\/www.facebook.com\/georgewashingtoncolegio\/?ref=py_c\",\"https:\/\/www.youtube.com\/channel\/UC10HKTjK5XlIOSMZa_ryQJA\"]}]}<\/script>\n<!-- \/ Yoast SEO plugin. -->","yoast_head_json":{"title":"Inspectores - COLEGIO GEORGE WASHINGTON","description":"Inspectores COLEGIO GEORGE WASHINGTON","robots":{"index":"index","follow":"follow","max-snippet":"max-snippet:-1","max-image-preview":"max-image-preview:large","max-video-preview":"max-video-preview:-1"},"canonical":"https:\/\/www.cgw.cl\/wordpress\/inspectores\/","og_locale":"es_ES","og_type":"article","og_title":"Inspectores - COLEGIO GEORGE WASHINGTON","og_description":"Inspectores COLEGIO GEORGE WASHINGTON","og_url":"https:\/\/www.cgw.cl\/wordpress\/inspectores\/","og_site_name":"COLEGIO GEORGE WASHINGTON","article_publisher":"https:\/\/www.facebook.com\/georgewashingtoncolegio\/?ref=py_c","article_modified_time":"2024-10-01T15:35:32+00:00","og_image":[{"url":"https:\/\/www.cgw.cl\/wordpress\/wp-content\/uploads\/2022\/02\/FR-240x300.png","type":"","width":"","height":""}],"twitter_card":"summary_large_image","twitter_misc":{"Tiempo estimado de lectura":"2 minutos"},"schema":{"@context":"https:\/\/schema.org","@graph":[{"@type":"WebPage","@id":"https:\/\/www.cgw.cl\/wordpress\/inspectores\/","url":"https:\/\/www.cgw.cl\/wordpress\/inspectores\/","name":"Inspectores - COLEGIO GEORGE WASHINGTON","isPartOf":{"@id":"https:\/\/www.cgw.cl\/wordpress\/#website"},"primaryImageOfPage":{"@id":"https:\/\/www.cgw.cl\/wordpress\/inspectores\/#primaryimage"},"image":{"@id":"https:\/\/www.cgw.cl\/wordpress\/inspectores\/#primaryimage"},"thumbnailUrl":"https:\/\/www.cgw.cl\/wordpress\/wp-content\/uploads\/2022\/02\/FR-240x300.png","datePublished":"2019-02-20T08:47:04+00:00","dateModified":"2024-10-01T15:35:32+00:00","description":"Inspectores COLEGIO GEORGE WASHINGTON","breadcrumb":{"@id":"https:\/\/www.cgw.cl\/wordpress\/inspectores\/#breadcrumb"},"inLanguage":"es-CL","potentialAction":[{"@type":"ReadAction","target":["https:\/\/www.cgw.cl\/wordpress\/inspectores\/"]}]},{"@type":"ImageObject","inLanguage":"es-CL","@id":"https:\/\/www.cgw.cl\/wordpress\/inspectores\/#primaryimage","url":"https:\/\/www.cgw.cl\/wordpress\/wp-content\/uploads\/2022\/02\/FR.png","contentUrl":"https:\/\/www.cgw.cl\/wordpress\/wp-content\/uploads\/2022\/02\/FR.png","width":269,"height":336},{"@type":"BreadcrumbList","@id":"https:\/\/www.cgw.cl\/wordpress\/inspectores\/#breadcrumb","itemListElement":[{"@type":"ListItem","position":1,"name":"Portada","item":"https:\/\/www.cgw.cl\/wordpress\/"},{"@type":"ListItem","position":2,"name":"Inspectores"}]},{"@type":"WebSite","@id":"https:\/\/www.cgw.cl\/wordpress\/#website","url":"https:\/\/www.cgw.cl\/wordpress\/","name":"COLEGIO GEORGE WASHINGTON","description":"Acoger para Educar","publisher":{"@id":"https:\/\/www.cgw.cl\/wordpress\/#organization"},"potentialAction":[{"@type":"SearchAction","target":{"@type":"EntryPoint","urlTemplate":"https:\/\/www.cgw.cl\/wordpress\/?s={search_term_string}"},"query-input":{"@type":"PropertyValueSpecification","valueRequired":true,"valueName":"search_term_string"}}],"inLanguage":"es-CL"},{"@type":"Organization","@id":"https:\/\/www.cgw.cl\/wordpress\/#organization","name":"Colegio George Washington","url":"https:\/\/www.cgw.cl\/wordpress\/","logo":{"@type":"ImageObject","inLanguage":"es-CL","@id":"https:\/\/www.cgw.cl\/wordpress\/#\/schema\/logo\/image\/","url":"https:\/\/www.cgw.cl\/wordpress\/wp-content\/uploads\/2020\/05\/cropped-logo.jpg","contentUrl":"https:\/\/www.cgw.cl\/wordpress\/wp-content\/uploads\/2020\/05\/cropped-logo.jpg","width":197,"height":242,"caption":"Colegio George Washington"},"image":{"@id":"https:\/\/www.cgw.cl\/wordpress\/#\/schema\/logo\/image\/"},"sameAs":["https:\/\/www.facebook.com\/georgewashingtoncolegio\/?ref=py_c","https:\/\/www.youtube.com\/channel\/UC10HKTjK5XlIOSMZa_ryQJA"]}]}},"_links":{"self":[{"href":"https:\/\/www.cgw.cl\/wordpress\/wp-json\/wp\/v2\/pages\/1721","targetHints":{"allow":["GET"]}}],"collection":[{"href":"https:\/\/www.cgw.cl\/wordpress\/wp-json\/wp\/v2\/pages"}],"about":[{"href":"https:\/\/www.cgw.cl\/wordpress\/wp-json\/wp\/v2\/types\/page"}],"author":[{"embeddable":true,"href":"https:\/\/www.cgw.cl\/wordpress\/wp-json\/wp\/v2\/users\/1"}],"replies":[{"embeddable":true,"href":"https:\/\/www.cgw.cl\/wordpress\/wp-json\/wp\/v2\/comments?post=1721"}],"version-history":[{"count":0,"href":"https:\/\/www.cgw.cl\/wordpress\/wp-json\/wp\/v2\/pages\/1721\/revisions"}],"wp:attachment":[{"href":"https:\/\/www.cgw.cl\/wordpress\/wp-json\/wp\/v2\/media?parent=1721"}],"curies":[{"name":"wp","href":"https:\/\/api.w.org\/{rel}","templated":true}]}}