{"id":1717,"date":"2019-02-20T05:46:21","date_gmt":"2019-02-20T08:46:21","guid":{"rendered":"http:\/\/www.cgw.cl\/wordpress\/?page_id=1717"},"modified":"2024-09-25T08:17:06","modified_gmt":"2024-09-25T11:17:06","slug":"equipo-de-gestion","status":"publish","type":"page","link":"https:\/\/www.cgw.cl\/wordpress\/equipo-de-gestion\/","title":{"rendered":"Administrativos"},"content":{"rendered":"\t\t<div data-elementor-type=\"wp-page\" data-elementor-id=\"1717\" class=\"elementor elementor-1717\">\n\t\t\t\t<div class=\"elementor-element elementor-element-ee7dc22 e-flex e-con-boxed e-con e-parent\" data-id=\"ee7dc22\" data-element_type=\"container\">\n\t\t\t\t\t<div class=\"e-con-inner\">\n\t\t\t\t<div class=\"elementor-element elementor-element-fbd05d7 elementor-widget elementor-widget-text-editor\" data-id=\"fbd05d7\" data-element_type=\"widget\" data-widget_type=\"text-editor.default\">\n\t\t\t\t<div class=\"elementor-widget-container\">\n\t\t\t\t\t\t\t\t\t<p>\u00a0<\/p><p><strong><span style=\"color: #000080;\">GLORIA ERAZO VERA<\/span><\/strong><\/p><p><img decoding=\"async\" class=\"alignnone  wp-image-27946\" src=\"https:\/\/www.cgw.cl\/wordpress\/wp-content\/uploads\/2022\/02\/GE-240x300.png\" alt=\"\" width=\"161\" height=\"201\" srcset=\"https:\/\/www.cgw.cl\/wordpress\/wp-content\/uploads\/2022\/02\/GE-240x300.png 240w, https:\/\/www.cgw.cl\/wordpress\/wp-content\/uploads\/2022\/02\/GE-120x150.png 120w, https:\/\/www.cgw.cl\/wordpress\/wp-content\/uploads\/2022\/02\/GE.png 271w\" sizes=\"(max-width: 161px) 100vw, 161px\" \/><\/p><p><span style=\"color: #000080;\">Directora acad\u00e9mica<\/span><\/p>\t\t\t\t\t\t\t\t<\/div>\n\t\t\t\t<\/div>\n\t\t\t\t\t<\/div>\n\t\t\t\t<\/div>\n\t\t\t\t<section class=\"elementor-section elementor-top-section elementor-element elementor-element-e0e965b elementor-section-boxed elementor-section-height-default elementor-section-height-default\" data-id=\"e0e965b\" data-element_type=\"section\">\n\t\t\t\t\t\t<div class=\"elementor-container elementor-column-gap-default\">\n\t\t\t\t\t<div class=\"elementor-column elementor-col-100 elementor-top-column elementor-element elementor-element-afa3697\" data-id=\"afa3697\" data-element_type=\"column\">\n\t\t\t<div class=\"elementor-widget-wrap elementor-element-populated\">\n\t\t\t\t\t\t<div class=\"elementor-element elementor-element-a7dd588 elementor-widget elementor-widget-text-editor\" data-id=\"a7dd588\" data-element_type=\"widget\" data-widget_type=\"text-editor.default\">\n\t\t\t\t<div class=\"elementor-widget-container\">\n\t\t\t\t\t\t\t\t\t<p>\u00a0<\/p><p><strong><span style=\"color: #000080;\">RA\u00daL ERAZO CIFUENTES<\/span><\/strong><\/p><p><img decoding=\"async\" class=\"alignnone wp-image-27838 \" src=\"https:\/\/www.cgw.cl\/wordpress\/wp-content\/uploads\/2022\/02\/RE.png\" alt=\"\" width=\"166\" height=\"177\" srcset=\"https:\/\/www.cgw.cl\/wordpress\/wp-content\/uploads\/2022\/02\/RE.png 254w, https:\/\/www.cgw.cl\/wordpress\/wp-content\/uploads\/2022\/02\/RE-141x150.png 141w\" sizes=\"(max-width: 166px) 100vw, 166px\" \/><\/p><p><span style=\"color: #000080;\">Director administrativo<\/span><\/p>\t\t\t\t\t\t\t\t<\/div>\n\t\t\t\t<\/div>\n\t\t\t\t<div class=\"elementor-element elementor-element-226074d elementor-widget elementor-widget-text-editor\" data-id=\"226074d\" data-element_type=\"widget\" data-widget_type=\"text-editor.default\">\n\t\t\t\t<div class=\"elementor-widget-container\">\n\t\t\t\t\t\t\t\t\t<p>\u00a0<\/p><p><strong><span style=\"color: #000080;\">PATRICIA GALLEGUILLOS HERN\u00c1NDEZ<\/span><\/strong><\/p><p style=\"text-align: center;\"><span style=\"color: #000080;\"><img decoding=\"async\" class=\"alignnone wp-image-27837\" src=\"https:\/\/www.cgw.cl\/wordpress\/wp-content\/uploads\/2022\/02\/PG.png\" alt=\"\" width=\"166\" height=\"175\" srcset=\"https:\/\/www.cgw.cl\/wordpress\/wp-content\/uploads\/2022\/02\/PG.png 270w, https:\/\/www.cgw.cl\/wordpress\/wp-content\/uploads\/2022\/02\/PG-143x150.png 143w\" sizes=\"(max-width: 166px) 100vw, 166px\" \/><\/span><\/p><p style=\"text-align: center;\"><span style=\"color: #000080;\">Jefe Unidad T\u00e9cnico Pedag\u00f3gica<\/span><\/p>\t\t\t\t\t\t\t\t<\/div>\n\t\t\t\t<\/div>\n\t\t\t\t<div class=\"elementor-element elementor-element-3cca122 elementor-widget elementor-widget-text-editor\" data-id=\"3cca122\" data-element_type=\"widget\" data-widget_type=\"text-editor.default\">\n\t\t\t\t<div class=\"elementor-widget-container\">\n\t\t\t\t\t\t\t\t\t<p>\u00a0<\/p><p><strong><span style=\"color: #000080;\">CHRISTIAN MAR\u00cdN GALLEGUILLOS<\/span><\/strong><\/p><p style=\"text-align: center;\"><img loading=\"lazy\" decoding=\"async\" class=\" wp-image-28527 aligncenter\" src=\"https:\/\/www.cgw.cl\/wordpress\/wp-content\/uploads\/2022\/05\/CM-2-277x300.jpg\" alt=\"\" width=\"182\" height=\"197\" srcset=\"https:\/\/www.cgw.cl\/wordpress\/wp-content\/uploads\/2022\/05\/CM-2-277x300.jpg 277w, https:\/\/www.cgw.cl\/wordpress\/wp-content\/uploads\/2022\/05\/CM-2-947x1024.jpg 947w, https:\/\/www.cgw.cl\/wordpress\/wp-content\/uploads\/2022\/05\/CM-2-139x150.jpg 139w, https:\/\/www.cgw.cl\/wordpress\/wp-content\/uploads\/2022\/05\/CM-2-768x831.jpg 768w, https:\/\/www.cgw.cl\/wordpress\/wp-content\/uploads\/2022\/05\/CM-2-1420x1536.jpg 1420w, https:\/\/www.cgw.cl\/wordpress\/wp-content\/uploads\/2022\/05\/CM-2-1893x2048.jpg 1893w\" sizes=\"(max-width: 182px) 100vw, 182px\" \/><\/p><p style=\"text-align: center;\"><span style=\"color: #000080;\">PME<\/span><\/p>\t\t\t\t\t\t\t\t<\/div>\n\t\t\t\t<\/div>\n\t\t\t\t\t<\/div>\n\t\t<\/div>\n\t\t\t\t\t<\/div>\n\t\t<\/section>\n\t\t\t\t<section class=\"elementor-section elementor-top-section elementor-element elementor-element-c1b6bdd elementor-section-boxed elementor-section-height-default elementor-section-height-default\" data-id=\"c1b6bdd\" data-element_type=\"section\">\n\t\t\t\t\t\t<div class=\"elementor-container elementor-column-gap-default\">\n\t\t\t\t\t<div class=\"elementor-column elementor-col-100 elementor-top-column elementor-element elementor-element-482c5d0\" data-id=\"482c5d0\" data-element_type=\"column\">\n\t\t\t<div class=\"elementor-widget-wrap elementor-element-populated\">\n\t\t\t\t\t\t<div class=\"elementor-element elementor-element-2494b55 elementor-widget elementor-widget-text-editor\" data-id=\"2494b55\" data-element_type=\"widget\" data-widget_type=\"text-editor.default\">\n\t\t\t\t<div class=\"elementor-widget-container\">\n\t\t\t\t\t\t\t\t\t<p>\u00a0<\/p><p><strong><span style=\"color: #000080;\">EMA BASCU\u00d1\u00c1N COOLS<\/span><\/strong><\/p><p><img loading=\"lazy\" decoding=\"async\" class=\"alignnone wp-image-27836\" src=\"https:\/\/www.cgw.cl\/wordpress\/wp-content\/uploads\/2022\/02\/EB-238x300.png\" alt=\"\" width=\"159\" height=\"200\" srcset=\"https:\/\/www.cgw.cl\/wordpress\/wp-content\/uploads\/2022\/02\/EB-238x300.png 238w, https:\/\/www.cgw.cl\/wordpress\/wp-content\/uploads\/2022\/02\/EB-119x150.png 119w, https:\/\/www.cgw.cl\/wordpress\/wp-content\/uploads\/2022\/02\/EB.png 283w\" sizes=\"(max-width: 159px) 100vw, 159px\" \/><\/p><p><span style=\"color: #000080;\">Plataforma educativa &#8211; Web y redes sociales<\/span><\/p>\t\t\t\t\t\t\t\t<\/div>\n\t\t\t\t<\/div>\n\t\t\t\t\t<\/div>\n\t\t<\/div>\n\t\t\t\t\t<\/div>\n\t\t<\/section>\n\t\t\t\t<\/div>\n\t\t","protected":false},"excerpt":{"rendered":"<p>\u00a0 GLORIA ERAZO VERA Directora acad\u00e9mica \u00a0 RA\u00daL ERAZO CIFUENTES Director administrativo \u00a0 PATRICIA GALLEGUILLOS HERN\u00c1NDEZ Jefe Unidad T\u00e9cnico Pedag\u00f3gica \u00a0 CHRISTIAN MAR\u00cdN GALLEGUILLOS PME \u00a0 EMA BASCU\u00d1\u00c1N COOLS Plataforma educativa &#8211; Web y redes sociales<\/p>\n","protected":false},"author":1,"featured_media":0,"parent":0,"menu_order":0,"comment_status":"closed","ping_status":"closed","template":"","meta":{"footnotes":""},"class_list":["post-1717","page","type-page","status-publish","hentry"],"yoast_head":"<!-- This site is optimized with the Yoast SEO plugin v25.9 - https:\/\/yoast.com\/wordpress\/plugins\/seo\/ -->\n<title>Administrativos - COLEGIO GEORGE WASHINGTON<\/title>\n<meta name=\"description\" content=\"Administrativos COLEGIO GEORGE WASHINGTON\" \/>\n<meta name=\"robots\" content=\"index, follow, max-snippet:-1, max-image-preview:large, max-video-preview:-1\" \/>\n<link rel=\"canonical\" href=\"https:\/\/www.cgw.cl\/wordpress\/equipo-de-gestion\/\" \/>\n<meta property=\"og:locale\" content=\"es_ES\" \/>\n<meta property=\"og:type\" content=\"article\" \/>\n<meta property=\"og:title\" content=\"Administrativos - COLEGIO GEORGE WASHINGTON\" \/>\n<meta property=\"og:description\" content=\"Administrativos COLEGIO GEORGE WASHINGTON\" \/>\n<meta property=\"og:url\" content=\"https:\/\/www.cgw.cl\/wordpress\/equipo-de-gestion\/\" \/>\n<meta property=\"og:site_name\" content=\"COLEGIO GEORGE WASHINGTON\" \/>\n<meta property=\"article:publisher\" content=\"https:\/\/www.facebook.com\/georgewashingtoncolegio\/?ref=py_c\" \/>\n<meta property=\"article:modified_time\" content=\"2024-09-25T11:17:06+00:00\" \/>\n<meta property=\"og:image\" content=\"https:\/\/www.cgw.cl\/wordpress\/wp-content\/uploads\/2022\/02\/GE-240x300.png\" \/>\n<meta name=\"twitter:card\" content=\"summary_large_image\" \/>\n<meta name=\"twitter:label1\" content=\"Tiempo estimado de lectura\" \/>\n\t<meta name=\"twitter:data1\" content=\"2 minutos\" \/>\n<script type=\"application\/ld+json\" class=\"yoast-schema-graph\">{\"@context\":\"https:\/\/schema.org\",\"@graph\":[{\"@type\":\"WebPage\",\"@id\":\"https:\/\/www.cgw.cl\/wordpress\/equipo-de-gestion\/\",\"url\":\"https:\/\/www.cgw.cl\/wordpress\/equipo-de-gestion\/\",\"name\":\"Administrativos - COLEGIO GEORGE WASHINGTON\",\"isPartOf\":{\"@id\":\"https:\/\/www.cgw.cl\/wordpress\/#website\"},\"primaryImageOfPage\":{\"@id\":\"https:\/\/www.cgw.cl\/wordpress\/equipo-de-gestion\/#primaryimage\"},\"image\":{\"@id\":\"https:\/\/www.cgw.cl\/wordpress\/equipo-de-gestion\/#primaryimage\"},\"thumbnailUrl\":\"https:\/\/www.cgw.cl\/wordpress\/wp-content\/uploads\/2022\/02\/GE-240x300.png\",\"datePublished\":\"2019-02-20T08:46:21+00:00\",\"dateModified\":\"2024-09-25T11:17:06+00:00\",\"description\":\"Administrativos COLEGIO GEORGE WASHINGTON\",\"breadcrumb\":{\"@id\":\"https:\/\/www.cgw.cl\/wordpress\/equipo-de-gestion\/#breadcrumb\"},\"inLanguage\":\"es-CL\",\"potentialAction\":[{\"@type\":\"ReadAction\",\"target\":[\"https:\/\/www.cgw.cl\/wordpress\/equipo-de-gestion\/\"]}]},{\"@type\":\"ImageObject\",\"inLanguage\":\"es-CL\",\"@id\":\"https:\/\/www.cgw.cl\/wordpress\/equipo-de-gestion\/#primaryimage\",\"url\":\"https:\/\/www.cgw.cl\/wordpress\/wp-content\/uploads\/2022\/02\/GE.png\",\"contentUrl\":\"https:\/\/www.cgw.cl\/wordpress\/wp-content\/uploads\/2022\/02\/GE.png\",\"width\":271,\"height\":339},{\"@type\":\"BreadcrumbList\",\"@id\":\"https:\/\/www.cgw.cl\/wordpress\/equipo-de-gestion\/#breadcrumb\",\"itemListElement\":[{\"@type\":\"ListItem\",\"position\":1,\"name\":\"Portada\",\"item\":\"https:\/\/www.cgw.cl\/wordpress\/\"},{\"@type\":\"ListItem\",\"position\":2,\"name\":\"Administrativos\"}]},{\"@type\":\"WebSite\",\"@id\":\"https:\/\/www.cgw.cl\/wordpress\/#website\",\"url\":\"https:\/\/www.cgw.cl\/wordpress\/\",\"name\":\"COLEGIO GEORGE WASHINGTON\",\"description\":\"Acoger para Educar\",\"publisher\":{\"@id\":\"https:\/\/www.cgw.cl\/wordpress\/#organization\"},\"potentialAction\":[{\"@type\":\"SearchAction\",\"target\":{\"@type\":\"EntryPoint\",\"urlTemplate\":\"https:\/\/www.cgw.cl\/wordpress\/?s={search_term_string}\"},\"query-input\":{\"@type\":\"PropertyValueSpecification\",\"valueRequired\":true,\"valueName\":\"search_term_string\"}}],\"inLanguage\":\"es-CL\"},{\"@type\":\"Organization\",\"@id\":\"https:\/\/www.cgw.cl\/wordpress\/#organization\",\"name\":\"Colegio George Washington\",\"url\":\"https:\/\/www.cgw.cl\/wordpress\/\",\"logo\":{\"@type\":\"ImageObject\",\"inLanguage\":\"es-CL\",\"@id\":\"https:\/\/www.cgw.cl\/wordpress\/#\/schema\/logo\/image\/\",\"url\":\"https:\/\/www.cgw.cl\/wordpress\/wp-content\/uploads\/2020\/05\/cropped-logo.jpg\",\"contentUrl\":\"https:\/\/www.cgw.cl\/wordpress\/wp-content\/uploads\/2020\/05\/cropped-logo.jpg\",\"width\":197,\"height\":242,\"caption\":\"Colegio George Washington\"},\"image\":{\"@id\":\"https:\/\/www.cgw.cl\/wordpress\/#\/schema\/logo\/image\/\"},\"sameAs\":[\"https:\/\/www.facebook.com\/georgewashingtoncolegio\/?ref=py_c\",\"https:\/\/www.youtube.com\/channel\/UC10HKTjK5XlIOSMZa_ryQJA\"]}]}<\/script>\n<!-- \/ Yoast SEO plugin. -->","yoast_head_json":{"title":"Administrativos - COLEGIO GEORGE WASHINGTON","description":"Administrativos COLEGIO GEORGE WASHINGTON","robots":{"index":"index","follow":"follow","max-snippet":"max-snippet:-1","max-image-preview":"max-image-preview:large","max-video-preview":"max-video-preview:-1"},"canonical":"https:\/\/www.cgw.cl\/wordpress\/equipo-de-gestion\/","og_locale":"es_ES","og_type":"article","og_title":"Administrativos - COLEGIO GEORGE WASHINGTON","og_description":"Administrativos COLEGIO GEORGE WASHINGTON","og_url":"https:\/\/www.cgw.cl\/wordpress\/equipo-de-gestion\/","og_site_name":"COLEGIO GEORGE WASHINGTON","article_publisher":"https:\/\/www.facebook.com\/georgewashingtoncolegio\/?ref=py_c","article_modified_time":"2024-09-25T11:17:06+00:00","og_image":[{"url":"https:\/\/www.cgw.cl\/wordpress\/wp-content\/uploads\/2022\/02\/GE-240x300.png","type":"","width":"","height":""}],"twitter_card":"summary_large_image","twitter_misc":{"Tiempo estimado de lectura":"2 minutos"},"schema":{"@context":"https:\/\/schema.org","@graph":[{"@type":"WebPage","@id":"https:\/\/www.cgw.cl\/wordpress\/equipo-de-gestion\/","url":"https:\/\/www.cgw.cl\/wordpress\/equipo-de-gestion\/","name":"Administrativos - COLEGIO GEORGE WASHINGTON","isPartOf":{"@id":"https:\/\/www.cgw.cl\/wordpress\/#website"},"primaryImageOfPage":{"@id":"https:\/\/www.cgw.cl\/wordpress\/equipo-de-gestion\/#primaryimage"},"image":{"@id":"https:\/\/www.cgw.cl\/wordpress\/equipo-de-gestion\/#primaryimage"},"thumbnailUrl":"https:\/\/www.cgw.cl\/wordpress\/wp-content\/uploads\/2022\/02\/GE-240x300.png","datePublished":"2019-02-20T08:46:21+00:00","dateModified":"2024-09-25T11:17:06+00:00","description":"Administrativos COLEGIO GEORGE WASHINGTON","breadcrumb":{"@id":"https:\/\/www.cgw.cl\/wordpress\/equipo-de-gestion\/#breadcrumb"},"inLanguage":"es-CL","potentialAction":[{"@type":"ReadAction","target":["https:\/\/www.cgw.cl\/wordpress\/equipo-de-gestion\/"]}]},{"@type":"ImageObject","inLanguage":"es-CL","@id":"https:\/\/www.cgw.cl\/wordpress\/equipo-de-gestion\/#primaryimage","url":"https:\/\/www.cgw.cl\/wordpress\/wp-content\/uploads\/2022\/02\/GE.png","contentUrl":"https:\/\/www.cgw.cl\/wordpress\/wp-content\/uploads\/2022\/02\/GE.png","width":271,"height":339},{"@type":"BreadcrumbList","@id":"https:\/\/www.cgw.cl\/wordpress\/equipo-de-gestion\/#breadcrumb","itemListElement":[{"@type":"ListItem","position":1,"name":"Portada","item":"https:\/\/www.cgw.cl\/wordpress\/"},{"@type":"ListItem","position":2,"name":"Administrativos"}]},{"@type":"WebSite","@id":"https:\/\/www.cgw.cl\/wordpress\/#website","url":"https:\/\/www.cgw.cl\/wordpress\/","name":"COLEGIO GEORGE WASHINGTON","description":"Acoger para Educar","publisher":{"@id":"https:\/\/www.cgw.cl\/wordpress\/#organization"},"potentialAction":[{"@type":"SearchAction","target":{"@type":"EntryPoint","urlTemplate":"https:\/\/www.cgw.cl\/wordpress\/?s={search_term_string}"},"query-input":{"@type":"PropertyValueSpecification","valueRequired":true,"valueName":"search_term_string"}}],"inLanguage":"es-CL"},{"@type":"Organization","@id":"https:\/\/www.cgw.cl\/wordpress\/#organization","name":"Colegio George Washington","url":"https:\/\/www.cgw.cl\/wordpress\/","logo":{"@type":"ImageObject","inLanguage":"es-CL","@id":"https:\/\/www.cgw.cl\/wordpress\/#\/schema\/logo\/image\/","url":"https:\/\/www.cgw.cl\/wordpress\/wp-content\/uploads\/2020\/05\/cropped-logo.jpg","contentUrl":"https:\/\/www.cgw.cl\/wordpress\/wp-content\/uploads\/2020\/05\/cropped-logo.jpg","width":197,"height":242,"caption":"Colegio George Washington"},"image":{"@id":"https:\/\/www.cgw.cl\/wordpress\/#\/schema\/logo\/image\/"},"sameAs":["https:\/\/www.facebook.com\/georgewashingtoncolegio\/?ref=py_c","https:\/\/www.youtube.com\/channel\/UC10HKTjK5XlIOSMZa_ryQJA"]}]}},"_links":{"self":[{"href":"https:\/\/www.cgw.cl\/wordpress\/wp-json\/wp\/v2\/pages\/1717","targetHints":{"allow":["GET"]}}],"collection":[{"href":"https:\/\/www.cgw.cl\/wordpress\/wp-json\/wp\/v2\/pages"}],"about":[{"href":"https:\/\/www.cgw.cl\/wordpress\/wp-json\/wp\/v2\/types\/page"}],"author":[{"embeddable":true,"href":"https:\/\/www.cgw.cl\/wordpress\/wp-json\/wp\/v2\/users\/1"}],"replies":[{"embeddable":true,"href":"https:\/\/www.cgw.cl\/wordpress\/wp-json\/wp\/v2\/comments?post=1717"}],"version-history":[{"count":0,"href":"https:\/\/www.cgw.cl\/wordpress\/wp-json\/wp\/v2\/pages\/1717\/revisions"}],"wp:attachment":[{"href":"https:\/\/www.cgw.cl\/wordpress\/wp-json\/wp\/v2\/media?parent=1717"}],"curies":[{"name":"wp","href":"https:\/\/api.w.org\/{rel}","templated":true}]}}