{"id":1044,"date":"2018-07-15T19:13:49","date_gmt":"2018-07-15T19:13:49","guid":{"rendered":"http:\/\/www.cgw.cl\/wordpress\/?page_id=1044"},"modified":"2024-03-06T16:38:51","modified_gmt":"2024-03-06T19:38:51","slug":"direccion","status":"publish","type":"page","link":"https:\/\/www.cgw.cl\/wordpress\/direccion\/","title":{"rendered":"Ubicaci\u00f3n"},"content":{"rendered":"\t\t<div data-elementor-type=\"wp-page\" data-elementor-id=\"1044\" class=\"elementor elementor-1044\">\n\t\t\t\t\t\t<section class=\"elementor-section elementor-top-section elementor-element elementor-element-bf21e0d elementor-section-boxed elementor-section-height-default elementor-section-height-default\" data-id=\"bf21e0d\" data-element_type=\"section\" data-e-type=\"section\">\n\t\t\t\t\t\t<div class=\"elementor-container elementor-column-gap-default\">\n\t\t\t\t\t<div class=\"elementor-column elementor-col-100 elementor-top-column elementor-element elementor-element-bd422ca\" data-id=\"bd422ca\" data-element_type=\"column\" data-e-type=\"column\">\n\t\t\t<div class=\"elementor-widget-wrap elementor-element-populated\">\n\t\t\t\t\t\t<div class=\"elementor-element elementor-element-e8a441d elementor-widget elementor-widget-text-editor\" data-id=\"e8a441d\" data-element_type=\"widget\" data-e-type=\"widget\" data-widget_type=\"text-editor.default\">\n\t\t\t\t<div class=\"elementor-widget-container\">\n\t\t\t\t\t\t\t\t\t<h4 style=\"text-align: center;\">Echeverr\u00eda 935.<br \/>Comuna Independencia. Santiago.<\/h4><h4 style=\"text-align: center;\">Tel\u00e9fono Inspector\u00eda sector oriente: <br \/>Cursos PK &#8211; K\u00ednder &#8211; de 6\u00b0 A 8\u00b0 B\u00e1sico.<br \/>Tel\u00e9fono: +569 38675427<\/h4><h4 style=\"text-align: center;\">Tel\u00e9fono Inspector\u00eda sector poniente: <br \/>Cursos de 1\u00b0 a 5\u00b0 B\u00e1sico.<br \/>Tel\u00e9fono: +569 38675426<\/h4><h4 style=\"text-align: center;\">Correo electr\u00f3nico: colegiogw935@gmail.com<\/h4><p><img decoding=\"async\" src=\"https:\/\/www.cgw.cl\/wordpress\/wp-content\/uploads\/2020\/05\/mapa1.png\" \/><\/p>\t\t\t\t\t\t\t\t<\/div>\n\t\t\t\t<\/div>\n\t\t\t\t\t<\/div>\n\t\t<\/div>\n\t\t\t\t\t<\/div>\n\t\t<\/section>\n\t\t\t\t<section class=\"elementor-section elementor-top-section elementor-element elementor-element-b66ebd4 elementor-section-boxed elementor-section-height-default elementor-section-height-default\" data-id=\"b66ebd4\" data-element_type=\"section\" data-e-type=\"section\">\n\t\t\t\t\t\t<div class=\"elementor-container elementor-column-gap-default\">\n\t\t\t\t\t<div class=\"elementor-column elementor-col-100 elementor-top-column elementor-element elementor-element-b36ff9f\" data-id=\"b36ff9f\" data-element_type=\"column\" data-e-type=\"column\">\n\t\t\t<div class=\"elementor-widget-wrap elementor-element-populated\">\n\t\t\t\t\t\t<div class=\"elementor-element elementor-element-31adbe6 elementor-widget elementor-widget-google_maps\" data-id=\"31adbe6\" data-element_type=\"widget\" data-e-type=\"widget\" data-widget_type=\"google_maps.default\">\n\t\t\t\t<div class=\"elementor-widget-container\">\n\t\t\t\t\t\t\t<div class=\"elementor-custom-embed\">\n\t\t\t<iframe loading=\"lazy\"\n\t\t\t\t\tsrc=\"https:\/\/maps.google.com\/maps?q=Colegio%20George%20Washington%2C%20Comuna%20Independencia&#038;t=m&#038;z=10&#038;output=embed&#038;iwloc=near\"\n\t\t\t\t\ttitle=\"Colegio George Washington, Comuna Independencia\"\n\t\t\t\t\taria-label=\"Colegio George Washington, Comuna Independencia\"\n\t\t\t><\/iframe>\n\t\t<\/div>\n\t\t\t\t\t\t<\/div>\n\t\t\t\t<\/div>\n\t\t\t\t\t<\/div>\n\t\t<\/div>\n\t\t\t\t\t<\/div>\n\t\t<\/section>\n\t\t\t\t<\/div>\n\t\t","protected":false},"excerpt":{"rendered":"<p>Echeverr\u00eda 935.Comuna Independencia. Santiago. Tel\u00e9fono Inspector\u00eda sector oriente: Cursos PK &#8211; K\u00ednder &#8211; de 6\u00b0 A 8\u00b0 B\u00e1sico.Tel\u00e9fono: +569 38675427 Tel\u00e9fono Inspector\u00eda sector poniente: Cursos de 1\u00b0 a 5\u00b0 B\u00e1sico.Tel\u00e9fono: +569 38675426 Correo electr\u00f3nico: colegiogw935@gmail.com<\/p>\n","protected":false},"author":1,"featured_media":0,"parent":0,"menu_order":0,"comment_status":"closed","ping_status":"closed","template":"","meta":{"footnotes":""},"class_list":["post-1044","page","type-page","status-publish","hentry"],"yoast_head":"<!-- This site is optimized with the Yoast SEO plugin v25.9 - https:\/\/yoast.com\/wordpress\/plugins\/seo\/ -->\n<title>Ubicaci\u00f3n - COLEGIO GEORGE WASHINGTON<\/title>\n<meta name=\"description\" content=\"Ubicaci\u00f3n COLEGIO GEORGE WASHINGTON\" \/>\n<meta name=\"robots\" content=\"index, follow, max-snippet:-1, max-image-preview:large, max-video-preview:-1\" \/>\n<link rel=\"canonical\" href=\"https:\/\/www.cgw.cl\/wordpress\/direccion\/\" \/>\n<meta property=\"og:locale\" content=\"es_ES\" \/>\n<meta property=\"og:type\" content=\"article\" \/>\n<meta property=\"og:title\" content=\"Ubicaci\u00f3n - COLEGIO GEORGE WASHINGTON\" \/>\n<meta property=\"og:description\" content=\"Ubicaci\u00f3n COLEGIO GEORGE WASHINGTON\" \/>\n<meta property=\"og:url\" content=\"https:\/\/www.cgw.cl\/wordpress\/direccion\/\" \/>\n<meta property=\"og:site_name\" content=\"COLEGIO GEORGE WASHINGTON\" \/>\n<meta property=\"article:publisher\" content=\"https:\/\/www.facebook.com\/georgewashingtoncolegio\/?ref=py_c\" \/>\n<meta property=\"article:modified_time\" content=\"2024-03-06T19:38:51+00:00\" \/>\n<meta property=\"og:image\" content=\"https:\/\/www.cgw.cl\/wordpress\/wp-content\/uploads\/2020\/05\/mapa1.png\" \/>\n<meta name=\"twitter:card\" content=\"summary_large_image\" \/>\n<meta name=\"twitter:label1\" content=\"Tiempo estimado de lectura\" \/>\n\t<meta name=\"twitter:data1\" content=\"1 minuto\" \/>\n<script type=\"application\/ld+json\" class=\"yoast-schema-graph\">{\"@context\":\"https:\/\/schema.org\",\"@graph\":[{\"@type\":\"WebPage\",\"@id\":\"https:\/\/www.cgw.cl\/wordpress\/direccion\/\",\"url\":\"https:\/\/www.cgw.cl\/wordpress\/direccion\/\",\"name\":\"Ubicaci\u00f3n - COLEGIO GEORGE WASHINGTON\",\"isPartOf\":{\"@id\":\"https:\/\/www.cgw.cl\/wordpress\/#website\"},\"primaryImageOfPage\":{\"@id\":\"https:\/\/www.cgw.cl\/wordpress\/direccion\/#primaryimage\"},\"image\":{\"@id\":\"https:\/\/www.cgw.cl\/wordpress\/direccion\/#primaryimage\"},\"thumbnailUrl\":\"https:\/\/www.cgw.cl\/wordpress\/wp-content\/uploads\/2020\/05\/mapa1.png\",\"datePublished\":\"2018-07-15T19:13:49+00:00\",\"dateModified\":\"2024-03-06T19:38:51+00:00\",\"description\":\"Ubicaci\u00f3n COLEGIO GEORGE WASHINGTON\",\"breadcrumb\":{\"@id\":\"https:\/\/www.cgw.cl\/wordpress\/direccion\/#breadcrumb\"},\"inLanguage\":\"es-CL\",\"potentialAction\":[{\"@type\":\"ReadAction\",\"target\":[\"https:\/\/www.cgw.cl\/wordpress\/direccion\/\"]}]},{\"@type\":\"ImageObject\",\"inLanguage\":\"es-CL\",\"@id\":\"https:\/\/www.cgw.cl\/wordpress\/direccion\/#primaryimage\",\"url\":\"https:\/\/www.cgw.cl\/wordpress\/wp-content\/uploads\/2020\/05\/mapa1.png\",\"contentUrl\":\"https:\/\/www.cgw.cl\/wordpress\/wp-content\/uploads\/2020\/05\/mapa1.png\",\"width\":641,\"height\":406},{\"@type\":\"BreadcrumbList\",\"@id\":\"https:\/\/www.cgw.cl\/wordpress\/direccion\/#breadcrumb\",\"itemListElement\":[{\"@type\":\"ListItem\",\"position\":1,\"name\":\"Portada\",\"item\":\"https:\/\/www.cgw.cl\/wordpress\/\"},{\"@type\":\"ListItem\",\"position\":2,\"name\":\"Ubicaci\u00f3n\"}]},{\"@type\":\"WebSite\",\"@id\":\"https:\/\/www.cgw.cl\/wordpress\/#website\",\"url\":\"https:\/\/www.cgw.cl\/wordpress\/\",\"name\":\"COLEGIO GEORGE WASHINGTON\",\"description\":\"Acoger para Educar\",\"publisher\":{\"@id\":\"https:\/\/www.cgw.cl\/wordpress\/#organization\"},\"potentialAction\":[{\"@type\":\"SearchAction\",\"target\":{\"@type\":\"EntryPoint\",\"urlTemplate\":\"https:\/\/www.cgw.cl\/wordpress\/?s={search_term_string}\"},\"query-input\":{\"@type\":\"PropertyValueSpecification\",\"valueRequired\":true,\"valueName\":\"search_term_string\"}}],\"inLanguage\":\"es-CL\"},{\"@type\":\"Organization\",\"@id\":\"https:\/\/www.cgw.cl\/wordpress\/#organization\",\"name\":\"Colegio George Washington\",\"url\":\"https:\/\/www.cgw.cl\/wordpress\/\",\"logo\":{\"@type\":\"ImageObject\",\"inLanguage\":\"es-CL\",\"@id\":\"https:\/\/www.cgw.cl\/wordpress\/#\/schema\/logo\/image\/\",\"url\":\"https:\/\/www.cgw.cl\/wordpress\/wp-content\/uploads\/2020\/05\/cropped-logo.jpg\",\"contentUrl\":\"https:\/\/www.cgw.cl\/wordpress\/wp-content\/uploads\/2020\/05\/cropped-logo.jpg\",\"width\":197,\"height\":242,\"caption\":\"Colegio George Washington\"},\"image\":{\"@id\":\"https:\/\/www.cgw.cl\/wordpress\/#\/schema\/logo\/image\/\"},\"sameAs\":[\"https:\/\/www.facebook.com\/georgewashingtoncolegio\/?ref=py_c\",\"https:\/\/www.youtube.com\/channel\/UC10HKTjK5XlIOSMZa_ryQJA\"]}]}<\/script>\n<!-- \/ Yoast SEO plugin. -->","yoast_head_json":{"title":"Ubicaci\u00f3n - COLEGIO GEORGE WASHINGTON","description":"Ubicaci\u00f3n COLEGIO GEORGE WASHINGTON","robots":{"index":"index","follow":"follow","max-snippet":"max-snippet:-1","max-image-preview":"max-image-preview:large","max-video-preview":"max-video-preview:-1"},"canonical":"https:\/\/www.cgw.cl\/wordpress\/direccion\/","og_locale":"es_ES","og_type":"article","og_title":"Ubicaci\u00f3n - COLEGIO GEORGE WASHINGTON","og_description":"Ubicaci\u00f3n COLEGIO GEORGE WASHINGTON","og_url":"https:\/\/www.cgw.cl\/wordpress\/direccion\/","og_site_name":"COLEGIO GEORGE WASHINGTON","article_publisher":"https:\/\/www.facebook.com\/georgewashingtoncolegio\/?ref=py_c","article_modified_time":"2024-03-06T19:38:51+00:00","og_image":[{"url":"https:\/\/www.cgw.cl\/wordpress\/wp-content\/uploads\/2020\/05\/mapa1.png","type":"","width":"","height":""}],"twitter_card":"summary_large_image","twitter_misc":{"Tiempo estimado de lectura":"1 minuto"},"schema":{"@context":"https:\/\/schema.org","@graph":[{"@type":"WebPage","@id":"https:\/\/www.cgw.cl\/wordpress\/direccion\/","url":"https:\/\/www.cgw.cl\/wordpress\/direccion\/","name":"Ubicaci\u00f3n - COLEGIO GEORGE WASHINGTON","isPartOf":{"@id":"https:\/\/www.cgw.cl\/wordpress\/#website"},"primaryImageOfPage":{"@id":"https:\/\/www.cgw.cl\/wordpress\/direccion\/#primaryimage"},"image":{"@id":"https:\/\/www.cgw.cl\/wordpress\/direccion\/#primaryimage"},"thumbnailUrl":"https:\/\/www.cgw.cl\/wordpress\/wp-content\/uploads\/2020\/05\/mapa1.png","datePublished":"2018-07-15T19:13:49+00:00","dateModified":"2024-03-06T19:38:51+00:00","description":"Ubicaci\u00f3n COLEGIO GEORGE WASHINGTON","breadcrumb":{"@id":"https:\/\/www.cgw.cl\/wordpress\/direccion\/#breadcrumb"},"inLanguage":"es-CL","potentialAction":[{"@type":"ReadAction","target":["https:\/\/www.cgw.cl\/wordpress\/direccion\/"]}]},{"@type":"ImageObject","inLanguage":"es-CL","@id":"https:\/\/www.cgw.cl\/wordpress\/direccion\/#primaryimage","url":"https:\/\/www.cgw.cl\/wordpress\/wp-content\/uploads\/2020\/05\/mapa1.png","contentUrl":"https:\/\/www.cgw.cl\/wordpress\/wp-content\/uploads\/2020\/05\/mapa1.png","width":641,"height":406},{"@type":"BreadcrumbList","@id":"https:\/\/www.cgw.cl\/wordpress\/direccion\/#breadcrumb","itemListElement":[{"@type":"ListItem","position":1,"name":"Portada","item":"https:\/\/www.cgw.cl\/wordpress\/"},{"@type":"ListItem","position":2,"name":"Ubicaci\u00f3n"}]},{"@type":"WebSite","@id":"https:\/\/www.cgw.cl\/wordpress\/#website","url":"https:\/\/www.cgw.cl\/wordpress\/","name":"COLEGIO GEORGE WASHINGTON","description":"Acoger para Educar","publisher":{"@id":"https:\/\/www.cgw.cl\/wordpress\/#organization"},"potentialAction":[{"@type":"SearchAction","target":{"@type":"EntryPoint","urlTemplate":"https:\/\/www.cgw.cl\/wordpress\/?s={search_term_string}"},"query-input":{"@type":"PropertyValueSpecification","valueRequired":true,"valueName":"search_term_string"}}],"inLanguage":"es-CL"},{"@type":"Organization","@id":"https:\/\/www.cgw.cl\/wordpress\/#organization","name":"Colegio George Washington","url":"https:\/\/www.cgw.cl\/wordpress\/","logo":{"@type":"ImageObject","inLanguage":"es-CL","@id":"https:\/\/www.cgw.cl\/wordpress\/#\/schema\/logo\/image\/","url":"https:\/\/www.cgw.cl\/wordpress\/wp-content\/uploads\/2020\/05\/cropped-logo.jpg","contentUrl":"https:\/\/www.cgw.cl\/wordpress\/wp-content\/uploads\/2020\/05\/cropped-logo.jpg","width":197,"height":242,"caption":"Colegio George Washington"},"image":{"@id":"https:\/\/www.cgw.cl\/wordpress\/#\/schema\/logo\/image\/"},"sameAs":["https:\/\/www.facebook.com\/georgewashingtoncolegio\/?ref=py_c","https:\/\/www.youtube.com\/channel\/UC10HKTjK5XlIOSMZa_ryQJA"]}]}},"_links":{"self":[{"href":"https:\/\/www.cgw.cl\/wordpress\/wp-json\/wp\/v2\/pages\/1044","targetHints":{"allow":["GET"]}}],"collection":[{"href":"https:\/\/www.cgw.cl\/wordpress\/wp-json\/wp\/v2\/pages"}],"about":[{"href":"https:\/\/www.cgw.cl\/wordpress\/wp-json\/wp\/v2\/types\/page"}],"author":[{"embeddable":true,"href":"https:\/\/www.cgw.cl\/wordpress\/wp-json\/wp\/v2\/users\/1"}],"replies":[{"embeddable":true,"href":"https:\/\/www.cgw.cl\/wordpress\/wp-json\/wp\/v2\/comments?post=1044"}],"version-history":[{"count":0,"href":"https:\/\/www.cgw.cl\/wordpress\/wp-json\/wp\/v2\/pages\/1044\/revisions"}],"wp:attachment":[{"href":"https:\/\/www.cgw.cl\/wordpress\/wp-json\/wp\/v2\/media?parent=1044"}],"curies":[{"name":"wp","href":"https:\/\/api.w.org\/{rel}","templated":true}]}}